{"id":4765,"date":"2020-12-04T16:55:46","date_gmt":"2020-12-04T15:55:46","guid":{"rendered":"http:\/\/cd06ffme.fr\/WordPress3\/?page_id=4765"},"modified":"2021-03-19T17:20:11","modified_gmt":"2021-03-19T16:20:11","slug":"challenge06","status":"publish","type":"page","link":"https:\/\/cd06ffme.fr\/WordPress3\/challenge06\/","title":{"rendered":"Challenge ski Alpinisme 06"},"content":{"rendered":"<p style=\"text-align: center;\"><span style=\"font-family: helvetica, arial, sans-serif; font-size: 24pt;\">Le Challenge Ski-Alpinisme 06 regroupe 7 \u00e9tapes d\u00e9partementales de Ski-Alpinisme de la cat\u00e9gorie \u00ab minime \u00bb \u00e0 \u00ab v\u00e9t\u00e9ran \u00bb \u00e0 :<br \/>\n<\/span><\/p>\n<ul>\n<li><span style=\"font-family: helvetica, arial, sans-serif; font-size: 24pt;\">Gr\u00e9oli\u00e8re<\/span><\/li>\n<li><span style=\"font-family: helvetica, arial, sans-serif; font-size: 24pt;\">Auron (2 \u00e9tapes)<br \/>\n<\/span><\/li>\n<li><span style=\"font-family: helvetica, arial, sans-serif; font-size: 24pt;\">Valberg<\/span><\/li>\n<li><span style=\"font-family: helvetica, arial, sans-serif; font-size: 24pt;\">Le Bor\u00e9on (en lien avec l&rsquo;Echapp\u00e9e Blanche)<\/span><\/li>\n<li><span style=\"font-family: helvetica, arial, sans-serif; font-size: 24pt;\">Casterino<\/span><\/li>\n<li><span style=\"font-family: helvetica, arial, sans-serif; font-size: 24pt;\">Isola 2000<\/span><\/li>\n<\/ul>\n<p><span style=\"font-family: helvetica, arial, sans-serif; font-size: 24pt;\">A l&rsquo;issue de ces 7 \u00e9tapes, les titres f\u00e9d\u00e9raux de champion D\u00e9partemental en Ski-Alpinisme sont d\u00e9livr\u00e9s.<\/span><\/p>\n<p style=\"text-align: center;\"><span style=\"font-size: 24pt; font-family: helvetica, arial, sans-serif; color: #ffffff;\"><a style=\"color: #ffffff;\" href=\"https:\/\/issuu.com\/ffmecd06\/docs\/2014-12-04_r__glement_challenge_ski\" target=\"_blank\" rel=\"noopener\">Retrouver le r\u00e8glement de la comp\u00e9tition<\/a><\/span><\/p>\n<p style=\"text-align: center;\"><a href=\"https:\/\/www.facebook.com\/Challenge-Ski-Alpinisme-06-802093939852106\"><span style=\"font-family: helvetica, arial, sans-serif; font-size: 24pt;\"><span style=\"color: #ffffff;\">Nous rejoindre sur la page Facebook Challenge Ski-Alpinisme 06<\/span><\/span><\/a><\/p>\n","protected":false},"excerpt":{"rendered":"<p>Le Challenge Ski-Alpinisme 06 regroupe 7 \u00e9tapes d\u00e9partementales de Ski-Alpinisme de la cat\u00e9gorie \u00ab minime \u00bb \u00e0 \u00ab v\u00e9t\u00e9ran \u00bb \u00e0 : Gr\u00e9oli\u00e8re Auron (2 \u00e9tapes) Valberg Le Bor\u00e9on (en [&hellip;]<\/p>\n","protected":false},"author":2991,"featured_media":5423,"parent":0,"menu_order":0,"comment_status":"closed","ping_status":"closed","template":"templates\/template-full-width.php","meta":{"jetpack_post_was_ever_published":false,"footnotes":""},"yoast_head":"<!-- This site is optimized with the Yoast SEO plugin v21.5 - https:\/\/yoast.com\/wordpress\/plugins\/seo\/ -->\n<title>Challenge ski Alpinisme 06 | F\u00e9d\u00e9ration Fran\u00e7aise Montagne Escalade<\/title>\n<meta name=\"robots\" content=\"index, follow, max-snippet:-1, max-image-preview:large, max-video-preview:-1\" \/>\n<link rel=\"canonical\" href=\"http:\/\/cd06ffme.fr\/WordPress3\/challenge06\/\" \/>\n<meta property=\"og:locale\" content=\"fr_FR\" \/>\n<meta property=\"og:type\" content=\"article\" \/>\n<meta property=\"og:title\" content=\"Challenge ski Alpinisme 06 | F\u00e9d\u00e9ration Fran\u00e7aise Montagne Escalade\" \/>\n<meta property=\"og:description\" content=\"Le Challenge Ski-Alpinisme 06 regroupe 7 \u00e9tapes d\u00e9partementales de Ski-Alpinisme de la cat\u00e9gorie \u00ab minime \u00bb \u00e0 \u00ab v\u00e9t\u00e9ran \u00bb \u00e0 : Gr\u00e9oli\u00e8re Auron (2 \u00e9tapes) Valberg Le Bor\u00e9on (en [&hellip;]\" \/>\n<meta property=\"og:url\" content=\"http:\/\/cd06ffme.fr\/WordPress3\/challenge06\/\" \/>\n<meta property=\"og:site_name\" content=\"F\u00e9d\u00e9ration Fran\u00e7aise Montagne Escalade\" \/>\n<meta property=\"article:publisher\" content=\"https:\/\/www.facebook.com\/CT06FFME\" \/>\n<meta property=\"article:modified_time\" content=\"2021-03-19T16:20:11+00:00\" \/>\n<meta property=\"og:image\" content=\"https:\/\/i0.wp.com\/cd06ffme.fr\/WordPress3\/wp-content\/uploads\/2021\/01\/Challenge-ski-alpinisme-scaled.jpg?fit=2560%2C914\" \/>\n\t<meta property=\"og:image:width\" content=\"2560\" \/>\n\t<meta property=\"og:image:height\" content=\"914\" \/>\n\t<meta property=\"og:image:type\" content=\"image\/jpeg\" \/>\n<meta name=\"twitter:card\" content=\"summary_large_image\" \/>\n<script type=\"application\/ld+json\" class=\"yoast-schema-graph\">{\"@context\":\"https:\/\/schema.org\",\"@graph\":[{\"@type\":\"WebPage\",\"@id\":\"http:\/\/cd06ffme.fr\/WordPress3\/challenge06\/\",\"url\":\"http:\/\/cd06ffme.fr\/WordPress3\/challenge06\/\",\"name\":\"Challenge ski Alpinisme 06 | F\u00e9d\u00e9ration Fran\u00e7aise Montagne Escalade\",\"isPartOf\":{\"@id\":\"http:\/\/cd06ffme.fr\/WordPress3\/#website\"},\"datePublished\":\"2020-12-04T15:55:46+00:00\",\"dateModified\":\"2021-03-19T16:20:11+00:00\",\"breadcrumb\":{\"@id\":\"http:\/\/cd06ffme.fr\/WordPress3\/challenge06\/#breadcrumb\"},\"inLanguage\":\"fr-FR\",\"potentialAction\":[{\"@type\":\"ReadAction\",\"target\":[\"http:\/\/cd06ffme.fr\/WordPress3\/challenge06\/\"]}]},{\"@type\":\"BreadcrumbList\",\"@id\":\"http:\/\/cd06ffme.fr\/WordPress3\/challenge06\/#breadcrumb\",\"itemListElement\":[{\"@type\":\"ListItem\",\"position\":1,\"name\":\"Accueil\",\"item\":\"https:\/\/cd06ffme.fr\/WordPress3\/\"},{\"@type\":\"ListItem\",\"position\":2,\"name\":\"Challenge ski Alpinisme 06\"}]},{\"@type\":\"WebSite\",\"@id\":\"http:\/\/cd06ffme.fr\/WordPress3\/#website\",\"url\":\"http:\/\/cd06ffme.fr\/WordPress3\/\",\"name\":\"F\u00e9d\u00e9ration Fran\u00e7aise Montagne Escalade 06\",\"description\":\"\",\"publisher\":{\"@id\":\"http:\/\/cd06ffme.fr\/WordPress3\/#organization\"},\"potentialAction\":[{\"@type\":\"SearchAction\",\"target\":{\"@type\":\"EntryPoint\",\"urlTemplate\":\"http:\/\/cd06ffme.fr\/WordPress3\/?s={search_term_string}\"},\"query-input\":\"required name=search_term_string\"}],\"inLanguage\":\"fr-FR\"},{\"@type\":\"Organization\",\"@id\":\"http:\/\/cd06ffme.fr\/WordPress3\/#organization\",\"name\":\"Comit\u00e9 Territorial des Alpes Maritimes F\u00e9d\u00e9ration Fran\u00e7aise de Montagne et d'Escalade\",\"url\":\"http:\/\/cd06ffme.fr\/WordPress3\/\",\"logo\":{\"@type\":\"ImageObject\",\"inLanguage\":\"fr-FR\",\"@id\":\"http:\/\/cd06ffme.fr\/WordPress3\/#\/schema\/logo\/image\/\",\"url\":\"https:\/\/i0.wp.com\/cd06ffme.fr\/WordPress3\/wp-content\/uploads\/2020\/12\/cropped-FFME_LOGO_INSTIT_SECONDAIRE_FOND_CLAIR_CMJN-2-1.png?fit=1705%2C547\",\"contentUrl\":\"https:\/\/i0.wp.com\/cd06ffme.fr\/WordPress3\/wp-content\/uploads\/2020\/12\/cropped-FFME_LOGO_INSTIT_SECONDAIRE_FOND_CLAIR_CMJN-2-1.png?fit=1705%2C547\",\"width\":1705,\"height\":547,\"caption\":\"Comit\u00e9 Territorial des Alpes Maritimes F\u00e9d\u00e9ration Fran\u00e7aise de Montagne et d'Escalade\"},\"image\":{\"@id\":\"http:\/\/cd06ffme.fr\/WordPress3\/#\/schema\/logo\/image\/\"},\"sameAs\":[\"https:\/\/www.facebook.com\/CT06FFME\",\"https:\/\/www.instagram.com\/ct06_ffme_montagne_escalade\/\",\"https:\/\/www.youtube.com\/channel\/UCOfq1FRfAZlbV6N7LCCd-lg\"]}]}<\/script>\n<!-- \/ Yoast SEO plugin. -->","yoast_head_json":{"title":"Challenge ski Alpinisme 06 | F\u00e9d\u00e9ration Fran\u00e7aise Montagne Escalade","robots":{"index":"index","follow":"follow","max-snippet":"max-snippet:-1","max-image-preview":"max-image-preview:large","max-video-preview":"max-video-preview:-1"},"canonical":"http:\/\/cd06ffme.fr\/WordPress3\/challenge06\/","og_locale":"fr_FR","og_type":"article","og_title":"Challenge ski Alpinisme 06 | F\u00e9d\u00e9ration Fran\u00e7aise Montagne Escalade","og_description":"Le Challenge Ski-Alpinisme 06 regroupe 7 \u00e9tapes d\u00e9partementales de Ski-Alpinisme de la cat\u00e9gorie \u00ab minime \u00bb \u00e0 \u00ab v\u00e9t\u00e9ran \u00bb \u00e0 : Gr\u00e9oli\u00e8re Auron (2 \u00e9tapes) Valberg Le Bor\u00e9on (en [&hellip;]","og_url":"http:\/\/cd06ffme.fr\/WordPress3\/challenge06\/","og_site_name":"F\u00e9d\u00e9ration Fran\u00e7aise Montagne Escalade","article_publisher":"https:\/\/www.facebook.com\/CT06FFME","article_modified_time":"2021-03-19T16:20:11+00:00","og_image":[{"width":2560,"height":914,"url":"https:\/\/i0.wp.com\/cd06ffme.fr\/WordPress3\/wp-content\/uploads\/2021\/01\/Challenge-ski-alpinisme-scaled.jpg?fit=2560%2C914","type":"image\/jpeg"}],"twitter_card":"summary_large_image","schema":{"@context":"https:\/\/schema.org","@graph":[{"@type":"WebPage","@id":"http:\/\/cd06ffme.fr\/WordPress3\/challenge06\/","url":"http:\/\/cd06ffme.fr\/WordPress3\/challenge06\/","name":"Challenge ski Alpinisme 06 | F\u00e9d\u00e9ration Fran\u00e7aise Montagne Escalade","isPartOf":{"@id":"http:\/\/cd06ffme.fr\/WordPress3\/#website"},"datePublished":"2020-12-04T15:55:46+00:00","dateModified":"2021-03-19T16:20:11+00:00","breadcrumb":{"@id":"http:\/\/cd06ffme.fr\/WordPress3\/challenge06\/#breadcrumb"},"inLanguage":"fr-FR","potentialAction":[{"@type":"ReadAction","target":["http:\/\/cd06ffme.fr\/WordPress3\/challenge06\/"]}]},{"@type":"BreadcrumbList","@id":"http:\/\/cd06ffme.fr\/WordPress3\/challenge06\/#breadcrumb","itemListElement":[{"@type":"ListItem","position":1,"name":"Accueil","item":"https:\/\/cd06ffme.fr\/WordPress3\/"},{"@type":"ListItem","position":2,"name":"Challenge ski Alpinisme 06"}]},{"@type":"WebSite","@id":"http:\/\/cd06ffme.fr\/WordPress3\/#website","url":"http:\/\/cd06ffme.fr\/WordPress3\/","name":"F\u00e9d\u00e9ration Fran\u00e7aise Montagne Escalade 06","description":"","publisher":{"@id":"http:\/\/cd06ffme.fr\/WordPress3\/#organization"},"potentialAction":[{"@type":"SearchAction","target":{"@type":"EntryPoint","urlTemplate":"http:\/\/cd06ffme.fr\/WordPress3\/?s={search_term_string}"},"query-input":"required name=search_term_string"}],"inLanguage":"fr-FR"},{"@type":"Organization","@id":"http:\/\/cd06ffme.fr\/WordPress3\/#organization","name":"Comit\u00e9 Territorial des Alpes Maritimes F\u00e9d\u00e9ration Fran\u00e7aise de Montagne et d'Escalade","url":"http:\/\/cd06ffme.fr\/WordPress3\/","logo":{"@type":"ImageObject","inLanguage":"fr-FR","@id":"http:\/\/cd06ffme.fr\/WordPress3\/#\/schema\/logo\/image\/","url":"https:\/\/i0.wp.com\/cd06ffme.fr\/WordPress3\/wp-content\/uploads\/2020\/12\/cropped-FFME_LOGO_INSTIT_SECONDAIRE_FOND_CLAIR_CMJN-2-1.png?fit=1705%2C547","contentUrl":"https:\/\/i0.wp.com\/cd06ffme.fr\/WordPress3\/wp-content\/uploads\/2020\/12\/cropped-FFME_LOGO_INSTIT_SECONDAIRE_FOND_CLAIR_CMJN-2-1.png?fit=1705%2C547","width":1705,"height":547,"caption":"Comit\u00e9 Territorial des Alpes Maritimes F\u00e9d\u00e9ration Fran\u00e7aise de Montagne et d'Escalade"},"image":{"@id":"http:\/\/cd06ffme.fr\/WordPress3\/#\/schema\/logo\/image\/"},"sameAs":["https:\/\/www.facebook.com\/CT06FFME","https:\/\/www.instagram.com\/ct06_ffme_montagne_escalade\/","https:\/\/www.youtube.com\/channel\/UCOfq1FRfAZlbV6N7LCCd-lg"]}]}},"jetpack_sharing_enabled":false,"jetpack_shortlink":"https:\/\/wp.me\/P2LN8m-1eR","_links":{"self":[{"href":"https:\/\/cd06ffme.fr\/WordPress3\/wp-json\/wp\/v2\/pages\/4765"}],"collection":[{"href":"https:\/\/cd06ffme.fr\/WordPress3\/wp-json\/wp\/v2\/pages"}],"about":[{"href":"https:\/\/cd06ffme.fr\/WordPress3\/wp-json\/wp\/v2\/types\/page"}],"author":[{"embeddable":true,"href":"https:\/\/cd06ffme.fr\/WordPress3\/wp-json\/wp\/v2\/users\/2991"}],"replies":[{"embeddable":true,"href":"https:\/\/cd06ffme.fr\/WordPress3\/wp-json\/wp\/v2\/comments?post=4765"}],"version-history":[{"count":25,"href":"https:\/\/cd06ffme.fr\/WordPress3\/wp-json\/wp\/v2\/pages\/4765\/revisions"}],"predecessor-version":[{"id":5425,"href":"https:\/\/cd06ffme.fr\/WordPress3\/wp-json\/wp\/v2\/pages\/4765\/revisions\/5425"}],"wp:featuredmedia":[{"embeddable":true,"href":"https:\/\/cd06ffme.fr\/WordPress3\/wp-json\/wp\/v2\/media\/5423"}],"wp:attachment":[{"href":"https:\/\/cd06ffme.fr\/WordPress3\/wp-json\/wp\/v2\/media?parent=4765"}],"curies":[{"name":"wp","href":"https:\/\/api.w.org\/{rel}","templated":true}]}}