{"id":7375,"date":"2025-12-09T13:29:00","date_gmt":"2025-12-09T12:29:00","guid":{"rendered":"https:\/\/cd06ffme.fr\/WordPress3\/?page_id=7375"},"modified":"2026-03-25T11:46:35","modified_gmt":"2026-03-25T10:46:35","slug":"sauver-nos-falaises","status":"publish","type":"page","link":"http:\/\/cd06ffme.fr\/WordPress3\/sauver-nos-falaises\/","title":{"rendered":"Sauver nos falaises,  soutenez la pr\u00e9servation de notre pratique"},"content":{"rendered":"\n<p><\/p>\n\n\n\n<h3 class=\"wp-block-heading has-text-align-center\"><strong>Pourquoi nous avons besoin de vous<\/strong>?<\/h3>\n\n\n\n<p class=\"has-text-align-center\">Entre les audits, la maintenance, les r\u00e9\u00e9quipements et la gestion administrative, maintenir nos falaises ouvertes est devenu un v\u00e9ritable enjeu financier et juridique.<br \/>Ce n\u2019est pas un choix politique, mais une contrainte indispensable pour conserver nos espaces de pratique et \u00e9viter de nouvelles interdictions, ou d\u00e9s\u00e9quipement.<\/p>\n\n\n\n<h2 class=\"wp-block-heading has-text-align-center\"><a href=\"https:\/\/www.helloasso.com\/associations\/comite-territorial-des-alpes-maritimes-de-la-federation-francaise-de-montagne-escalade\/evenements\/sauvons-nos-falaises\" target=\"_blank\" rel=\"noreferrer noopener\"><strong>Fait<\/strong>es un don pour soutenir<\/a><\/h2>\n\n\n\n<h3 class=\"wp-block-heading has-text-align-center\"><strong>Des conventions indispensables pour \u00e9viter les fermetures<\/strong><\/h3>\n\n\n\n<p class=\"has-text-align-left\">Les conventions sign\u00e9es par les Comit\u00e9s Territoriaux avec les propri\u00e9taires publics ou priv\u00e9s sont aujourd\u2019hui notre seul levier pour garantir l\u2019acc\u00e8s aux falaises, \u00e0 tous les pratiquants (licenci\u00e9s FFME et non licenci\u00e9s).<br \/><br \/>&#8211; Elles nous engagent \u00e0 :<\/p>\n\n\n\n<ul>\n<li>entretenir r\u00e9guli\u00e8rement les sites,<\/li>\n\n\n\n<li>mettre les \u00e9quipements aux normes,<\/li>\n\n\n\n<li>r\u00e9aliser des audits annuels de s\u00e9curit\u00e9,<\/li>\n\n\n\n<li>dialoguer en permanence avec les \u00e9lus et acteurs locaux.<\/li>\n<\/ul>\n\n\n\n<p class=\"has-text-align-center\">Ces d\u00e9marches repr\u00e9sentent un co\u00fbt croissant, particuli\u00e8rement dans un d\u00e9partement riche en falaises.<\/p>\n\n\n\n<p class=\"has-text-align-left\">&#8211; En contribuant \u00e0 cette campagne de financement, vous aidez directement \u00e0 :  <\/p>\n\n\n\n<ul>\n<li>garantir la s\u00e9curit\u00e9 des pratiquants,<\/li>\n\n\n\n<li>pr\u00e9server l\u2019acc\u00e8s aux falaises,<\/li>\n\n\n\n<li>soutenir les b\u00e9n\u00e9voles et les structures qui \u0153uvrent au quotidien,<\/li>\n\n\n\n<li>maintenir un patrimoine naturel exceptionnel ouvert \u00e0 tous.<\/li>\n<\/ul>\n\n\n\n<h3 class=\"wp-block-heading has-text-align-center\"><strong>Un travail colossal chaque ann\u00e9e<\/strong><\/h3>\n\n\n\n<p class=\"has-text-align-center\">Le Comit\u00e9 Territorial des Alpes Maritimes pose environ 1 000 points d\u2019ancrage par an (scellements ou plaquettes), dans un effort constant de s\u00e9curisation et de mise aux normes.<\/p>\n\n\n\n<p>&#8211; Les conventions en cours incluent notamment :<\/p>\n\n\n\n<ul>\n<li>5 sites actuellement en renouvellement ou en signature, dont La Loubi\u00e8re et plusieurs autres conventions \u00e0 venir pour couvrir l\u2019ensemble des falaises du territoire.<\/li>\n\n\n\n<li>Plus de 30 sites conventionn\u00e9s.<\/li>\n<\/ul>\n\n\n<div class=\"wp-block-image\">\n<figure class=\"aligncenter size-large is-resized\"><img data-attachment-id=\"7424\" data-permalink=\"http:\/\/cd06ffme.fr\/WordPress3\/soutenons-lequipement-des-voies-descalade-des-gorges-du-loup-secteur-deverse-cagnotte-leetchi-ouverte\/594044295_1435081661950752_1559126034126522865_n\/\" data-orig-file=\"https:\/\/i0.wp.com\/cd06ffme.fr\/WordPress3\/wp-content\/uploads\/2025\/12\/594044295_1435081661950752_1559126034126522865_n.jpg?fit=2048%2C1536\" data-orig-size=\"2048,1536\" data-comments-opened=\"0\" data-image-meta=\"{&quot;aperture&quot;:&quot;0&quot;,&quot;credit&quot;:&quot;&quot;,&quot;camera&quot;:&quot;&quot;,&quot;caption&quot;:&quot;&quot;,&quot;created_timestamp&quot;:&quot;0&quot;,&quot;copyright&quot;:&quot;&quot;,&quot;focal_length&quot;:&quot;0&quot;,&quot;iso&quot;:&quot;0&quot;,&quot;shutter_speed&quot;:&quot;0&quot;,&quot;title&quot;:&quot;&quot;,&quot;orientation&quot;:&quot;0&quot;}\" data-image-title=\"594044295_1435081661950752_1559126034126522865_n\" data-image-description=\"\" data-image-caption=\"\" data-medium-file=\"https:\/\/i0.wp.com\/cd06ffme.fr\/WordPress3\/wp-content\/uploads\/2025\/12\/594044295_1435081661950752_1559126034126522865_n.jpg?fit=300%2C225\" data-large-file=\"https:\/\/i0.wp.com\/cd06ffme.fr\/WordPress3\/wp-content\/uploads\/2025\/12\/594044295_1435081661950752_1559126034126522865_n.jpg?fit=580%2C435\" decoding=\"async\" loading=\"lazy\" width=\"580\" height=\"435\" src=\"https:\/\/i0.wp.com\/cd06ffme.fr\/WordPress3\/wp-content\/uploads\/2025\/12\/594044295_1435081661950752_1559126034126522865_n.jpg?resize=580%2C435\" alt=\"\" class=\"wp-image-7424\" style=\"width:241px;height:auto\" srcset=\"https:\/\/i0.wp.com\/cd06ffme.fr\/WordPress3\/wp-content\/uploads\/2025\/12\/594044295_1435081661950752_1559126034126522865_n.jpg?resize=1024%2C768 1024w, https:\/\/i0.wp.com\/cd06ffme.fr\/WordPress3\/wp-content\/uploads\/2025\/12\/594044295_1435081661950752_1559126034126522865_n.jpg?resize=300%2C225 300w, https:\/\/i0.wp.com\/cd06ffme.fr\/WordPress3\/wp-content\/uploads\/2025\/12\/594044295_1435081661950752_1559126034126522865_n.jpg?resize=768%2C576 768w, https:\/\/i0.wp.com\/cd06ffme.fr\/WordPress3\/wp-content\/uploads\/2025\/12\/594044295_1435081661950752_1559126034126522865_n.jpg?resize=1536%2C1152 1536w, https:\/\/i0.wp.com\/cd06ffme.fr\/WordPress3\/wp-content\/uploads\/2025\/12\/594044295_1435081661950752_1559126034126522865_n.jpg?resize=1200%2C900 1200w, https:\/\/i0.wp.com\/cd06ffme.fr\/WordPress3\/wp-content\/uploads\/2025\/12\/594044295_1435081661950752_1559126034126522865_n.jpg?resize=1980%2C1485 1980w, https:\/\/i0.wp.com\/cd06ffme.fr\/WordPress3\/wp-content\/uploads\/2025\/12\/594044295_1435081661950752_1559126034126522865_n.jpg?w=2048 2048w, https:\/\/i0.wp.com\/cd06ffme.fr\/WordPress3\/wp-content\/uploads\/2025\/12\/594044295_1435081661950752_1559126034126522865_n.jpg?w=1740 1740w\" sizes=\"(max-width: 580px) 100vw, 580px\" data-recalc-dims=\"1\" \/><\/figure><\/div>\n\n\n<h3 class=\"wp-block-heading has-text-align-center\"><strong>Chaque don est un acte concret pour la p\u00e9rennit\u00e9 de nos falaises.<\/strong><\/h3>\n\n\n\n<p class=\"has-text-align-center\"><strong>Ensemble, prot\u00e9geons ces espaces de libert\u00e9 qui font de l\u2019escalade un sport unique, une passion et un choix de vie.<\/strong><\/p>\n\n\n\n<h2 class=\"wp-block-heading has-text-align-center\"><a href=\"https:\/\/www.helloasso.com\/associations\/comite-territorial-des-alpes-maritimes-de-la-federation-franc\" target=\"_blank\" rel=\"noreferrer noopener\">Faites un don pour soutenir<\/a><\/h2>\n","protected":false},"excerpt":{"rendered":"<p>Pourquoi nous avons besoin de vous? Entre les audits, la maintenance, les r\u00e9\u00e9quipements et la gestion administrative, maintenir nos falaises ouvertes est devenu un v\u00e9ritable enjeu financier et juridique.Ce n\u2019est [&hellip;]<\/p>\n","protected":false},"author":2991,"featured_media":0,"parent":0,"menu_order":0,"comment_status":"closed","ping_status":"closed","template":"","meta":{"jetpack_post_was_ever_published":false,"footnotes":""},"yoast_head":"<!-- This site is optimized with the Yoast SEO plugin v21.5 - https:\/\/yoast.com\/wordpress\/plugins\/seo\/ -->\n<title>Sauver nos falaises, soutenez la pr\u00e9servation de notre pratique | F\u00e9d\u00e9ration Fran\u00e7aise Montagne Escalade<\/title>\n<meta name=\"robots\" content=\"index, follow, max-snippet:-1, max-image-preview:large, max-video-preview:-1\" \/>\n<link rel=\"canonical\" href=\"https:\/\/cd06ffme.fr\/WordPress3\/sauver-nos-falaises\/\" \/>\n<meta property=\"og:locale\" content=\"fr_FR\" \/>\n<meta property=\"og:type\" content=\"article\" \/>\n<meta property=\"og:title\" content=\"Sauver nos falaises, soutenez la pr\u00e9servation de notre pratique | F\u00e9d\u00e9ration Fran\u00e7aise Montagne Escalade\" \/>\n<meta property=\"og:description\" content=\"Pourquoi nous avons besoin de vous? Entre les audits, la maintenance, les r\u00e9\u00e9quipements et la gestion administrative, maintenir nos falaises ouvertes est devenu un v\u00e9ritable enjeu financier et juridique.Ce n\u2019est [&hellip;]\" \/>\n<meta property=\"og:url\" content=\"https:\/\/cd06ffme.fr\/WordPress3\/sauver-nos-falaises\/\" \/>\n<meta property=\"og:site_name\" content=\"F\u00e9d\u00e9ration Fran\u00e7aise Montagne Escalade\" \/>\n<meta property=\"article:publisher\" content=\"https:\/\/www.facebook.com\/CT06FFME\" \/>\n<meta property=\"article:modified_time\" content=\"2026-03-25T10:46:35+00:00\" \/>\n<meta property=\"og:image\" content=\"http:\/\/cd06ffme.fr\/WordPress3\/wp-content\/uploads\/2025\/12\/594044295_1435081661950752_1559126034126522865_n-1024x768.jpg\" \/>\n<meta name=\"twitter:card\" content=\"summary_large_image\" \/>\n<meta name=\"twitter:label1\" content=\"Dur\u00e9e de lecture estim\u00e9e\" \/>\n\t<meta name=\"twitter:data1\" content=\"2 minutes\" \/>\n<script type=\"application\/ld+json\" class=\"yoast-schema-graph\">{\"@context\":\"https:\/\/schema.org\",\"@graph\":[{\"@type\":\"WebPage\",\"@id\":\"https:\/\/cd06ffme.fr\/WordPress3\/sauver-nos-falaises\/\",\"url\":\"https:\/\/cd06ffme.fr\/WordPress3\/sauver-nos-falaises\/\",\"name\":\"Sauver nos falaises, soutenez la pr\u00e9servation de notre pratique | F\u00e9d\u00e9ration Fran\u00e7aise Montagne Escalade\",\"isPartOf\":{\"@id\":\"https:\/\/cd06ffme.fr\/WordPress3\/#website\"},\"datePublished\":\"2025-12-09T12:29:00+00:00\",\"dateModified\":\"2026-03-25T10:46:35+00:00\",\"breadcrumb\":{\"@id\":\"https:\/\/cd06ffme.fr\/WordPress3\/sauver-nos-falaises\/#breadcrumb\"},\"inLanguage\":\"fr-FR\",\"potentialAction\":[{\"@type\":\"ReadAction\",\"target\":[\"https:\/\/cd06ffme.fr\/WordPress3\/sauver-nos-falaises\/\"]}]},{\"@type\":\"BreadcrumbList\",\"@id\":\"https:\/\/cd06ffme.fr\/WordPress3\/sauver-nos-falaises\/#breadcrumb\",\"itemListElement\":[{\"@type\":\"ListItem\",\"position\":1,\"name\":\"Accueil\",\"item\":\"https:\/\/cd06ffme.fr\/WordPress3\/\"},{\"@type\":\"ListItem\",\"position\":2,\"name\":\"Sauver nos falaises, soutenez la pr\u00e9servation de notre pratique\"}]},{\"@type\":\"WebSite\",\"@id\":\"https:\/\/cd06ffme.fr\/WordPress3\/#website\",\"url\":\"https:\/\/cd06ffme.fr\/WordPress3\/\",\"name\":\"F\u00e9d\u00e9ration Fran\u00e7aise Montagne Escalade 06\",\"description\":\"\",\"publisher\":{\"@id\":\"https:\/\/cd06ffme.fr\/WordPress3\/#organization\"},\"potentialAction\":[{\"@type\":\"SearchAction\",\"target\":{\"@type\":\"EntryPoint\",\"urlTemplate\":\"https:\/\/cd06ffme.fr\/WordPress3\/?s={search_term_string}\"},\"query-input\":\"required name=search_term_string\"}],\"inLanguage\":\"fr-FR\"},{\"@type\":\"Organization\",\"@id\":\"https:\/\/cd06ffme.fr\/WordPress3\/#organization\",\"name\":\"Comit\u00e9 Territorial des Alpes Maritimes F\u00e9d\u00e9ration Fran\u00e7aise de Montagne et d'Escalade\",\"url\":\"https:\/\/cd06ffme.fr\/WordPress3\/\",\"logo\":{\"@type\":\"ImageObject\",\"inLanguage\":\"fr-FR\",\"@id\":\"https:\/\/cd06ffme.fr\/WordPress3\/#\/schema\/logo\/image\/\",\"url\":\"https:\/\/i0.wp.com\/cd06ffme.fr\/WordPress3\/wp-content\/uploads\/2020\/12\/cropped-FFME_LOGO_INSTIT_SECONDAIRE_FOND_CLAIR_CMJN-2-1.png?fit=1705%2C547\",\"contentUrl\":\"https:\/\/i0.wp.com\/cd06ffme.fr\/WordPress3\/wp-content\/uploads\/2020\/12\/cropped-FFME_LOGO_INSTIT_SECONDAIRE_FOND_CLAIR_CMJN-2-1.png?fit=1705%2C547\",\"width\":1705,\"height\":547,\"caption\":\"Comit\u00e9 Territorial des Alpes Maritimes F\u00e9d\u00e9ration Fran\u00e7aise de Montagne et d'Escalade\"},\"image\":{\"@id\":\"https:\/\/cd06ffme.fr\/WordPress3\/#\/schema\/logo\/image\/\"},\"sameAs\":[\"https:\/\/www.facebook.com\/CT06FFME\",\"https:\/\/www.instagram.com\/ct06_ffme_montagne_escalade\/\",\"https:\/\/www.youtube.com\/channel\/UCOfq1FRfAZlbV6N7LCCd-lg\"]}]}<\/script>\n<!-- \/ Yoast SEO plugin. -->","yoast_head_json":{"title":"Sauver nos falaises, soutenez la pr\u00e9servation de notre pratique | F\u00e9d\u00e9ration Fran\u00e7aise Montagne Escalade","robots":{"index":"index","follow":"follow","max-snippet":"max-snippet:-1","max-image-preview":"max-image-preview:large","max-video-preview":"max-video-preview:-1"},"canonical":"https:\/\/cd06ffme.fr\/WordPress3\/sauver-nos-falaises\/","og_locale":"fr_FR","og_type":"article","og_title":"Sauver nos falaises, soutenez la pr\u00e9servation de notre pratique | F\u00e9d\u00e9ration Fran\u00e7aise Montagne Escalade","og_description":"Pourquoi nous avons besoin de vous? Entre les audits, la maintenance, les r\u00e9\u00e9quipements et la gestion administrative, maintenir nos falaises ouvertes est devenu un v\u00e9ritable enjeu financier et juridique.Ce n\u2019est [&hellip;]","og_url":"https:\/\/cd06ffme.fr\/WordPress3\/sauver-nos-falaises\/","og_site_name":"F\u00e9d\u00e9ration Fran\u00e7aise Montagne Escalade","article_publisher":"https:\/\/www.facebook.com\/CT06FFME","article_modified_time":"2026-03-25T10:46:35+00:00","og_image":[{"url":"http:\/\/cd06ffme.fr\/WordPress3\/wp-content\/uploads\/2025\/12\/594044295_1435081661950752_1559126034126522865_n-1024x768.jpg"}],"twitter_card":"summary_large_image","twitter_misc":{"Dur\u00e9e de lecture estim\u00e9e":"2 minutes"},"schema":{"@context":"https:\/\/schema.org","@graph":[{"@type":"WebPage","@id":"https:\/\/cd06ffme.fr\/WordPress3\/sauver-nos-falaises\/","url":"https:\/\/cd06ffme.fr\/WordPress3\/sauver-nos-falaises\/","name":"Sauver nos falaises, soutenez la pr\u00e9servation de notre pratique | F\u00e9d\u00e9ration Fran\u00e7aise Montagne Escalade","isPartOf":{"@id":"https:\/\/cd06ffme.fr\/WordPress3\/#website"},"datePublished":"2025-12-09T12:29:00+00:00","dateModified":"2026-03-25T10:46:35+00:00","breadcrumb":{"@id":"https:\/\/cd06ffme.fr\/WordPress3\/sauver-nos-falaises\/#breadcrumb"},"inLanguage":"fr-FR","potentialAction":[{"@type":"ReadAction","target":["https:\/\/cd06ffme.fr\/WordPress3\/sauver-nos-falaises\/"]}]},{"@type":"BreadcrumbList","@id":"https:\/\/cd06ffme.fr\/WordPress3\/sauver-nos-falaises\/#breadcrumb","itemListElement":[{"@type":"ListItem","position":1,"name":"Accueil","item":"https:\/\/cd06ffme.fr\/WordPress3\/"},{"@type":"ListItem","position":2,"name":"Sauver nos falaises, soutenez la pr\u00e9servation de notre pratique"}]},{"@type":"WebSite","@id":"https:\/\/cd06ffme.fr\/WordPress3\/#website","url":"https:\/\/cd06ffme.fr\/WordPress3\/","name":"F\u00e9d\u00e9ration Fran\u00e7aise Montagne Escalade 06","description":"","publisher":{"@id":"https:\/\/cd06ffme.fr\/WordPress3\/#organization"},"potentialAction":[{"@type":"SearchAction","target":{"@type":"EntryPoint","urlTemplate":"https:\/\/cd06ffme.fr\/WordPress3\/?s={search_term_string}"},"query-input":"required name=search_term_string"}],"inLanguage":"fr-FR"},{"@type":"Organization","@id":"https:\/\/cd06ffme.fr\/WordPress3\/#organization","name":"Comit\u00e9 Territorial des Alpes Maritimes F\u00e9d\u00e9ration Fran\u00e7aise de Montagne et d'Escalade","url":"https:\/\/cd06ffme.fr\/WordPress3\/","logo":{"@type":"ImageObject","inLanguage":"fr-FR","@id":"https:\/\/cd06ffme.fr\/WordPress3\/#\/schema\/logo\/image\/","url":"https:\/\/i0.wp.com\/cd06ffme.fr\/WordPress3\/wp-content\/uploads\/2020\/12\/cropped-FFME_LOGO_INSTIT_SECONDAIRE_FOND_CLAIR_CMJN-2-1.png?fit=1705%2C547","contentUrl":"https:\/\/i0.wp.com\/cd06ffme.fr\/WordPress3\/wp-content\/uploads\/2020\/12\/cropped-FFME_LOGO_INSTIT_SECONDAIRE_FOND_CLAIR_CMJN-2-1.png?fit=1705%2C547","width":1705,"height":547,"caption":"Comit\u00e9 Territorial des Alpes Maritimes F\u00e9d\u00e9ration Fran\u00e7aise de Montagne et d'Escalade"},"image":{"@id":"https:\/\/cd06ffme.fr\/WordPress3\/#\/schema\/logo\/image\/"},"sameAs":["https:\/\/www.facebook.com\/CT06FFME","https:\/\/www.instagram.com\/ct06_ffme_montagne_escalade\/","https:\/\/www.youtube.com\/channel\/UCOfq1FRfAZlbV6N7LCCd-lg"]}]}},"jetpack_sharing_enabled":true,"jetpack_shortlink":"https:\/\/wp.me\/P2LN8m-1UX","_links":{"self":[{"href":"http:\/\/cd06ffme.fr\/WordPress3\/wp-json\/wp\/v2\/pages\/7375"}],"collection":[{"href":"http:\/\/cd06ffme.fr\/WordPress3\/wp-json\/wp\/v2\/pages"}],"about":[{"href":"http:\/\/cd06ffme.fr\/WordPress3\/wp-json\/wp\/v2\/types\/page"}],"author":[{"embeddable":true,"href":"http:\/\/cd06ffme.fr\/WordPress3\/wp-json\/wp\/v2\/users\/2991"}],"replies":[{"embeddable":true,"href":"http:\/\/cd06ffme.fr\/WordPress3\/wp-json\/wp\/v2\/comments?post=7375"}],"version-history":[{"count":23,"href":"http:\/\/cd06ffme.fr\/WordPress3\/wp-json\/wp\/v2\/pages\/7375\/revisions"}],"predecessor-version":[{"id":7528,"href":"http:\/\/cd06ffme.fr\/WordPress3\/wp-json\/wp\/v2\/pages\/7375\/revisions\/7528"}],"wp:attachment":[{"href":"http:\/\/cd06ffme.fr\/WordPress3\/wp-json\/wp\/v2\/media?parent=7375"}],"curies":[{"name":"wp","href":"https:\/\/api.w.org\/{rel}","templated":true}]}}