{"id":7210,"date":"2025-02-20T21:33:00","date_gmt":"2025-02-20T20:33:00","guid":{"rendered":"http:\/\/cd06ffme.fr\/WordPress3\/?page_id=7210"},"modified":"2025-03-07T15:45:08","modified_gmt":"2025-03-07T14:45:08","slug":"signaler-une-violence","status":"publish","type":"page","link":"http:\/\/cd06ffme.fr\/WordPress3\/signaler-une-violence\/","title":{"rendered":"Signaler une violence"},"content":{"rendered":"\n<h3 class=\"wp-block-heading has-text-align-center has-accent-color has-text-color has-link-color wp-elements-7055e440744c23f992d48cb4e07a4769\">Vous \u00eates victime ou t\u00e9moin de violences dans le sport ?<\/h3>\n\n\n\n<p><strong>Vous \u00eates victime ou t\u00e9moin de violences dans le sport ?<\/strong><br \/>Le minist\u00e8re des Sports et des Jeux Olympiques et Paralympiques met \u00e0 votre disposition une adresse d\u00e9di\u00e9e pour signaler tout acte de violence dans le milieu sportif.<\/p>\n\n\n\n<p class=\"has-primary-color has-text-color has-link-color wp-elements-f7c643290c90bd680c2471d8954ba3a7\"> <strong>Contactez-nous \u00e0<\/strong> : <a>signal-sports@sports.gouv.fr<\/a><\/p>\n\n\n\n<p><strong>Brisons le silence, agissons ensemble !<\/strong><\/p>\n\n\n\n<h3 class=\"wp-block-heading has-text-align-center has-accent-color has-text-color has-link-color wp-elements-97297d04c56791bf32597fb07c5395cc\"><strong>La Cellule Nationale de Traitement des Signalements de Violences dans le Sport<\/strong><\/h3>\n\n\n\n<p>Cr\u00e9\u00e9e en d\u00e9cembre 2019 dans le cadre de la <strong>strat\u00e9gie nationale de lutte contre les violences dans le sport<\/strong>, cette cellule, mise en place par le <strong>minist\u00e8re des Sports et des Jeux Olympiques et Paralympiques<\/strong>, joue un r\u00f4le central dans la prise en charge des signalements.<\/p>\n\n\n\n<p> <strong>Missions principales :<\/strong><\/p>\n\n\n\n<ul>\n<li>Examiner chaque signalement et coordonner les enqu\u00eates administratives avec les services d\u00e9partementaux sous l\u2019autorit\u00e9 des pr\u00e9fets.<\/li>\n\n\n\n<li>Suivre l\u2019ensemble des proc\u00e9dures engag\u00e9es et collaborer avec les r\u00e9f\u00e9rents des f\u00e9d\u00e9rations sportives.<\/li>\n\n\n\n<li>Orienter les victimes vers des associations sp\u00e9cialis\u00e9es pour un accompagnement adapt\u00e9.<\/li>\n<\/ul>\n\n\n\n<p class=\"has-primary-color has-text-color has-link-color wp-elements-39b4862a4df0da02845a730d37f7a323\"><strong>Un signalement \u00e0 faire ? <a href=\"signal-sports@sports.gouv.fr\"><\/a><a>signal-sports@sports.gouv.fr<\/a>.<\/strong><\/p>\n\n\n\n<h3 class=\"wp-block-heading has-text-align-center has-accent-color has-text-color has-link-color wp-elements-0bd84ad629267d000994138d12f6431e\"><strong>Clubs, comit\u00e9s et ligues : de nouveaux outils \u00e0 votre disposition !<\/strong><\/h3>\n\n\n\n<p class=\"has-primary-color has-text-color has-link-color wp-elements-c472c5fcfceb16f49a61043c30b2c9c2\"><strong>Clubs, comit\u00e9s et ligues : de nouveaux outils \u00e0 votre disposition !<\/strong><br \/>Affiches, clips pour les r\u00e9seaux sociaux, visuels adapt\u00e9s \u00e0 tous les m\u00e9dias et canaux de communication\u2026 Les principaux acteurs du sport fran\u00e7ais (f\u00e9d\u00e9rations, <a href=\"https:\/\/cnosf.franceolympique.com\/le-cnosf-engage-contre-les-violences-sexuelles-dans-le-sport\" target=\"_blank\" rel=\"noreferrer noopener\">CNOSF<\/a>, CPSF, Paris 2024\u2026) disposent d\u00e9sormais de ressources in\u00e9dites. Ces outils sont \u00e9galement accessibles \u00e0 toutes les structures souhaitant communiquer via cette plateforme pour sensibiliser leurs pratiquants, notamment les jeunes et leurs parents.<\/p>\n\n\n\n<p class=\"has-primary-color has-text-color has-link-color wp-elements-a78084013e0b4808b0f54e775cb30fa3\"><a href=\"https:\/\/www.sports.gouv.fr\/signaler-une-violence-501\" target=\"_blank\" rel=\"noreferrer noopener\">Retrouvez toutes les infos et \u00e9l\u00e9ments \u00e0 t\u00e9l\u00e9charger sur le site du minist\u00e8re des Sports et des Jeux Olympiques et Paralympiques<\/a><\/p>\n\n\n\n<h3 class=\"wp-block-heading has-text-align-center has-accent-color has-text-color has-link-color wp-elements-b8db6d1ba075e6f94b1830357f8ff908\">Num\u00e9ro d&rsquo;urgence<\/h3>\n\n\n\n<p class=\"has-accent-color has-text-color has-link-color wp-elements-2add3857d6acd687535a4f41a66648fc\"><strong>Le 17 (Police)<\/strong><\/p>\n\n\n\n<p>En cas d&rsquo;urgence grave et av\u00e9r\u00e9, contacter la police ou la gendarmerie.<\/p>\n\n\n\n<p class=\"has-accent-color has-text-color has-link-color wp-elements-54b2b302ccae395a6cfa43c6196c981b\"><strong>Le 119 (Enfance en danger)<\/strong><\/p>\n\n\n\n<p class=\"has-primary-color has-text-color has-link-color wp-elements-a39895bcbe724c44592cdd33e6d8d32d\"><strong>Qui peut appeler ?<\/strong><br \/>Les enfants et les adolescents faisant face \u00e0 une situation difficile ou inquiets pour un autre enfant. Les adultes pr\u00e9occup\u00e9s par le bien-\u00eatre d\u2019un enfant en danger.<br \/>Un appel gratuit, accessible 24h\/24, 7j\/7, toute l&rsquo;ann\u00e9e.<br \/><a href=\"https:\/\/www.allo119.gouv.fr\/\">En savoir p<\/a><a href=\"https:\/\/www.allo119.gouv.fr\/\" target=\"_blank\" rel=\"noreferrer noopener\">lus.<\/a><\/p>\n\n\n\n<p class=\"has-accent-color has-text-color has-link-color wp-elements-f8c97dac7080eaf8b167600424fd60b6\"><strong>Le 3018 (cyberviolences)<\/strong><\/p>\n\n\n\n<p class=\"has-primary-color has-text-color has-link-color wp-elements-2a5100eb13cf308ca5c6007fb769787e\"><strong>Qui peut appeler ?<\/strong><br \/>Toute personne victime de cyberviolences ou faisant face \u00e0 une situation \u00e0 risque. Le service est gratuit et accessible tous les jours de l\u2019ann\u00e9e, de 9h \u00e0 23h.<br \/><a href=\"https:\/\/www.service-public.fr\/particuliers\/actualites\/A17444\">En savoi<\/a><a href=\"https:\/\/www.service-public.fr\/particuliers\/actualites\/A17444\" target=\"_blank\" rel=\"noreferrer noopener\">r plus.<\/a><\/p>\n\n\n\n<p class=\"has-accent-color has-text-color has-link-color wp-elements-ba45d75f298d9294affd726d581675f0\"><strong>Le 114 (personnes sourdes et malentendantes)<\/strong><\/p>\n\n\n\n<p class=\"has-primary-color has-text-color has-link-color wp-elements-2db25ba353326e9f316f8f2984e67e91\">Qui peut appeler\u202f? Toutes personnes sourdes ou malentendantes en situation d\u2019urgence. L\u2019appel est gratuit, disponible tous les jours de l\u2019ann\u00e9e \u00e0 toute heure.&nbsp;<br \/><a href=\"https:\/\/www.info.urgence114.fr\/\" target=\"_blank\" rel=\"noreferrer noopener\">En savoir plus<\/a><\/p>\n\n\n\n<p class=\"has-primary-color has-text-color has-link-color wp-elements-beed9049017e20a23c4c64b491696e3a\"><a href=\"https:\/\/grandevoix.fr\/violences-les-colosses-disent-stop\">A l<\/a><a href=\"https:\/\/grandevoix.fr\/violences-les-colosses-disent-stop\" target=\"_blank\" rel=\"noreferrer noopener\">ire<\/a><\/p>\n\n\n\n<p><a href=\"http:\/\/cd06ffme.fr\/WordPress3\/wp-content\/uploads\/2025\/03\/pre-vention-violences-sport-plaquette-pdf-970.pdf\" target=\"_blank\" rel=\"noreferrer noopener\">Plaquette : Pr\u00e9venir Les Violences Sexuelles Dans le Sport<\/a><\/p>\n","protected":false},"excerpt":{"rendered":"<p>Vous \u00eates victime ou t\u00e9moin de violences dans le sport ? Vous \u00eates victime ou t\u00e9moin de violences dans le sport ?Le minist\u00e8re des Sports et des Jeux Olympiques et [&hellip;]<\/p>\n","protected":false},"author":2991,"featured_media":7214,"parent":0,"menu_order":0,"comment_status":"closed","ping_status":"closed","template":"","meta":{"jetpack_post_was_ever_published":false,"footnotes":""},"yoast_head":"<!-- This site is optimized with the Yoast SEO plugin v21.5 - https:\/\/yoast.com\/wordpress\/plugins\/seo\/ -->\n<title>Signaler une violence | F\u00e9d\u00e9ration Fran\u00e7aise Montagne Escalade<\/title>\n<meta name=\"description\" content=\"Signaler une violence au sein de votre club\" \/>\n<meta name=\"robots\" content=\"index, follow, max-snippet:-1, max-image-preview:large, max-video-preview:-1\" \/>\n<link rel=\"canonical\" href=\"http:\/\/cd06ffme.fr\/WordPress3\/signaler-une-violence\/\" \/>\n<meta property=\"og:locale\" content=\"fr_FR\" \/>\n<meta property=\"og:type\" content=\"article\" \/>\n<meta property=\"og:title\" content=\"Signaler une violence | F\u00e9d\u00e9ration Fran\u00e7aise Montagne Escalade\" \/>\n<meta property=\"og:description\" content=\"Signaler une violence au sein de votre club\" \/>\n<meta property=\"og:url\" content=\"http:\/\/cd06ffme.fr\/WordPress3\/signaler-une-violence\/\" \/>\n<meta property=\"og:site_name\" content=\"F\u00e9d\u00e9ration Fran\u00e7aise Montagne Escalade\" \/>\n<meta property=\"article:publisher\" content=\"https:\/\/www.facebook.com\/CT06FFME\" \/>\n<meta property=\"article:modified_time\" content=\"2025-03-07T14:45:08+00:00\" \/>\n<meta property=\"og:image\" content=\"https:\/\/i0.wp.com\/cd06ffme.fr\/WordPress3\/wp-content\/uploads\/2025\/02\/signaler-une-violence-1.png?fit=850%2C474\" \/>\n\t<meta property=\"og:image:width\" content=\"850\" \/>\n\t<meta property=\"og:image:height\" content=\"474\" \/>\n\t<meta property=\"og:image:type\" content=\"image\/png\" \/>\n<meta name=\"twitter:card\" content=\"summary_large_image\" \/>\n<meta name=\"twitter:label1\" content=\"Dur\u00e9e de lecture estim\u00e9e\" \/>\n\t<meta name=\"twitter:data1\" content=\"3 minutes\" \/>\n<script type=\"application\/ld+json\" class=\"yoast-schema-graph\">{\"@context\":\"https:\/\/schema.org\",\"@graph\":[{\"@type\":\"WebPage\",\"@id\":\"http:\/\/cd06ffme.fr\/WordPress3\/signaler-une-violence\/\",\"url\":\"http:\/\/cd06ffme.fr\/WordPress3\/signaler-une-violence\/\",\"name\":\"Signaler une violence | F\u00e9d\u00e9ration Fran\u00e7aise Montagne Escalade\",\"isPartOf\":{\"@id\":\"https:\/\/cd06ffme.fr\/WordPress3\/#website\"},\"datePublished\":\"2025-02-20T20:33:00+00:00\",\"dateModified\":\"2025-03-07T14:45:08+00:00\",\"description\":\"Signaler une violence au sein de votre club\",\"breadcrumb\":{\"@id\":\"http:\/\/cd06ffme.fr\/WordPress3\/signaler-une-violence\/#breadcrumb\"},\"inLanguage\":\"fr-FR\",\"potentialAction\":[{\"@type\":\"ReadAction\",\"target\":[\"http:\/\/cd06ffme.fr\/WordPress3\/signaler-une-violence\/\"]}]},{\"@type\":\"BreadcrumbList\",\"@id\":\"http:\/\/cd06ffme.fr\/WordPress3\/signaler-une-violence\/#breadcrumb\",\"itemListElement\":[{\"@type\":\"ListItem\",\"position\":1,\"name\":\"Accueil\",\"item\":\"https:\/\/cd06ffme.fr\/WordPress3\/\"},{\"@type\":\"ListItem\",\"position\":2,\"name\":\"Signaler une violence\"}]},{\"@type\":\"WebSite\",\"@id\":\"https:\/\/cd06ffme.fr\/WordPress3\/#website\",\"url\":\"https:\/\/cd06ffme.fr\/WordPress3\/\",\"name\":\"F\u00e9d\u00e9ration Fran\u00e7aise Montagne Escalade 06\",\"description\":\"\",\"publisher\":{\"@id\":\"https:\/\/cd06ffme.fr\/WordPress3\/#organization\"},\"potentialAction\":[{\"@type\":\"SearchAction\",\"target\":{\"@type\":\"EntryPoint\",\"urlTemplate\":\"https:\/\/cd06ffme.fr\/WordPress3\/?s={search_term_string}\"},\"query-input\":\"required name=search_term_string\"}],\"inLanguage\":\"fr-FR\"},{\"@type\":\"Organization\",\"@id\":\"https:\/\/cd06ffme.fr\/WordPress3\/#organization\",\"name\":\"Comit\u00e9 Territorial des Alpes Maritimes F\u00e9d\u00e9ration Fran\u00e7aise de Montagne et d'Escalade\",\"url\":\"https:\/\/cd06ffme.fr\/WordPress3\/\",\"logo\":{\"@type\":\"ImageObject\",\"inLanguage\":\"fr-FR\",\"@id\":\"https:\/\/cd06ffme.fr\/WordPress3\/#\/schema\/logo\/image\/\",\"url\":\"https:\/\/i0.wp.com\/cd06ffme.fr\/WordPress3\/wp-content\/uploads\/2020\/12\/cropped-FFME_LOGO_INSTIT_SECONDAIRE_FOND_CLAIR_CMJN-2-1.png?fit=1705%2C547\",\"contentUrl\":\"https:\/\/i0.wp.com\/cd06ffme.fr\/WordPress3\/wp-content\/uploads\/2020\/12\/cropped-FFME_LOGO_INSTIT_SECONDAIRE_FOND_CLAIR_CMJN-2-1.png?fit=1705%2C547\",\"width\":1705,\"height\":547,\"caption\":\"Comit\u00e9 Territorial des Alpes Maritimes F\u00e9d\u00e9ration Fran\u00e7aise de Montagne et d'Escalade\"},\"image\":{\"@id\":\"https:\/\/cd06ffme.fr\/WordPress3\/#\/schema\/logo\/image\/\"},\"sameAs\":[\"https:\/\/www.facebook.com\/CT06FFME\",\"https:\/\/www.instagram.com\/ct06_ffme_montagne_escalade\/\",\"https:\/\/www.youtube.com\/channel\/UCOfq1FRfAZlbV6N7LCCd-lg\"]}]}<\/script>\n<!-- \/ Yoast SEO plugin. -->","yoast_head_json":{"title":"Signaler une violence | F\u00e9d\u00e9ration Fran\u00e7aise Montagne Escalade","description":"Signaler une violence au sein de votre club","robots":{"index":"index","follow":"follow","max-snippet":"max-snippet:-1","max-image-preview":"max-image-preview:large","max-video-preview":"max-video-preview:-1"},"canonical":"http:\/\/cd06ffme.fr\/WordPress3\/signaler-une-violence\/","og_locale":"fr_FR","og_type":"article","og_title":"Signaler une violence | F\u00e9d\u00e9ration Fran\u00e7aise Montagne Escalade","og_description":"Signaler une violence au sein de votre club","og_url":"http:\/\/cd06ffme.fr\/WordPress3\/signaler-une-violence\/","og_site_name":"F\u00e9d\u00e9ration Fran\u00e7aise Montagne Escalade","article_publisher":"https:\/\/www.facebook.com\/CT06FFME","article_modified_time":"2025-03-07T14:45:08+00:00","og_image":[{"width":850,"height":474,"url":"https:\/\/i0.wp.com\/cd06ffme.fr\/WordPress3\/wp-content\/uploads\/2025\/02\/signaler-une-violence-1.png?fit=850%2C474","type":"image\/png"}],"twitter_card":"summary_large_image","twitter_misc":{"Dur\u00e9e de lecture estim\u00e9e":"3 minutes"},"schema":{"@context":"https:\/\/schema.org","@graph":[{"@type":"WebPage","@id":"http:\/\/cd06ffme.fr\/WordPress3\/signaler-une-violence\/","url":"http:\/\/cd06ffme.fr\/WordPress3\/signaler-une-violence\/","name":"Signaler une violence | F\u00e9d\u00e9ration Fran\u00e7aise Montagne Escalade","isPartOf":{"@id":"https:\/\/cd06ffme.fr\/WordPress3\/#website"},"datePublished":"2025-02-20T20:33:00+00:00","dateModified":"2025-03-07T14:45:08+00:00","description":"Signaler une violence au sein de votre club","breadcrumb":{"@id":"http:\/\/cd06ffme.fr\/WordPress3\/signaler-une-violence\/#breadcrumb"},"inLanguage":"fr-FR","potentialAction":[{"@type":"ReadAction","target":["http:\/\/cd06ffme.fr\/WordPress3\/signaler-une-violence\/"]}]},{"@type":"BreadcrumbList","@id":"http:\/\/cd06ffme.fr\/WordPress3\/signaler-une-violence\/#breadcrumb","itemListElement":[{"@type":"ListItem","position":1,"name":"Accueil","item":"https:\/\/cd06ffme.fr\/WordPress3\/"},{"@type":"ListItem","position":2,"name":"Signaler une violence"}]},{"@type":"WebSite","@id":"https:\/\/cd06ffme.fr\/WordPress3\/#website","url":"https:\/\/cd06ffme.fr\/WordPress3\/","name":"F\u00e9d\u00e9ration Fran\u00e7aise Montagne Escalade 06","description":"","publisher":{"@id":"https:\/\/cd06ffme.fr\/WordPress3\/#organization"},"potentialAction":[{"@type":"SearchAction","target":{"@type":"EntryPoint","urlTemplate":"https:\/\/cd06ffme.fr\/WordPress3\/?s={search_term_string}"},"query-input":"required name=search_term_string"}],"inLanguage":"fr-FR"},{"@type":"Organization","@id":"https:\/\/cd06ffme.fr\/WordPress3\/#organization","name":"Comit\u00e9 Territorial des Alpes Maritimes F\u00e9d\u00e9ration Fran\u00e7aise de Montagne et d'Escalade","url":"https:\/\/cd06ffme.fr\/WordPress3\/","logo":{"@type":"ImageObject","inLanguage":"fr-FR","@id":"https:\/\/cd06ffme.fr\/WordPress3\/#\/schema\/logo\/image\/","url":"https:\/\/i0.wp.com\/cd06ffme.fr\/WordPress3\/wp-content\/uploads\/2020\/12\/cropped-FFME_LOGO_INSTIT_SECONDAIRE_FOND_CLAIR_CMJN-2-1.png?fit=1705%2C547","contentUrl":"https:\/\/i0.wp.com\/cd06ffme.fr\/WordPress3\/wp-content\/uploads\/2020\/12\/cropped-FFME_LOGO_INSTIT_SECONDAIRE_FOND_CLAIR_CMJN-2-1.png?fit=1705%2C547","width":1705,"height":547,"caption":"Comit\u00e9 Territorial des Alpes Maritimes F\u00e9d\u00e9ration Fran\u00e7aise de Montagne et d'Escalade"},"image":{"@id":"https:\/\/cd06ffme.fr\/WordPress3\/#\/schema\/logo\/image\/"},"sameAs":["https:\/\/www.facebook.com\/CT06FFME","https:\/\/www.instagram.com\/ct06_ffme_montagne_escalade\/","https:\/\/www.youtube.com\/channel\/UCOfq1FRfAZlbV6N7LCCd-lg"]}]}},"jetpack_sharing_enabled":true,"jetpack_shortlink":"https:\/\/wp.me\/P2LN8m-1Si","_links":{"self":[{"href":"http:\/\/cd06ffme.fr\/WordPress3\/wp-json\/wp\/v2\/pages\/7210"}],"collection":[{"href":"http:\/\/cd06ffme.fr\/WordPress3\/wp-json\/wp\/v2\/pages"}],"about":[{"href":"http:\/\/cd06ffme.fr\/WordPress3\/wp-json\/wp\/v2\/types\/page"}],"author":[{"embeddable":true,"href":"http:\/\/cd06ffme.fr\/WordPress3\/wp-json\/wp\/v2\/users\/2991"}],"replies":[{"embeddable":true,"href":"http:\/\/cd06ffme.fr\/WordPress3\/wp-json\/wp\/v2\/comments?post=7210"}],"version-history":[{"count":12,"href":"http:\/\/cd06ffme.fr\/WordPress3\/wp-json\/wp\/v2\/pages\/7210\/revisions"}],"predecessor-version":[{"id":7237,"href":"http:\/\/cd06ffme.fr\/WordPress3\/wp-json\/wp\/v2\/pages\/7210\/revisions\/7237"}],"wp:featuredmedia":[{"embeddable":true,"href":"http:\/\/cd06ffme.fr\/WordPress3\/wp-json\/wp\/v2\/media\/7214"}],"wp:attachment":[{"href":"http:\/\/cd06ffme.fr\/WordPress3\/wp-json\/wp\/v2\/media?parent=7210"}],"curies":[{"name":"wp","href":"https:\/\/api.w.org\/{rel}","templated":true}]}}