{"id":6740,"date":"2023-10-30T16:00:25","date_gmt":"2023-10-30T15:00:25","guid":{"rendered":"http:\/\/cd06ffme.fr\/WordPress3\/?page_id=6740"},"modified":"2026-01-27T11:18:47","modified_gmt":"2026-01-27T10:18:47","slug":"haut-niveau","status":"publish","type":"page","link":"http:\/\/cd06ffme.fr\/WordPress3\/haut-niveau\/","title":{"rendered":"Haut-Niveau"},"content":{"rendered":"\n<p>Le Comit\u00e9 territorial Alpes-Maritimes FFME a \u00e0 coeur de d\u00e9velopper la pratique de l&rsquo;escalade comp\u00e9titive au sein du d\u00e9partement et de faire \u00e9merger des comp\u00e9titeurs au plus haut-niveau. Les Alpes-Maritimes sont une vraie terre d&rsquo;escalade, avec un savoir-faire et comptent dans leur histoire beaucoup de comp\u00e9titeurs internationaux : C\u00e9dric Lo Piccolo, Anouk Ev\u00e8ne, Kevin Agla\u00e9, ou plus r\u00e9cemment Pierre Le Cerf et Jules Marchaland. N\u00e9anmoins, le territoire maralpin souffre d&rsquo;un vrai d\u00e9ficit de structures d&rsquo;entra\u00eenement de qualit\u00e9 pour le haut-niveau.<\/p>\n\n\n\n<p>Aussi, des moyens sont mutualis\u00e9s au niveau du CT  et des clubs pour tout de m\u00eame permettre une \u00e9mulation vers la comp\u00e9tition, et ce, \u00e0 diff\u00e9rents \u00e9chelons :<\/p>\n\n\n\n<p><\/p>\n\n\n\n<figure class=\"wp-block-image size-large\"><img data-attachment-id=\"7365\" data-permalink=\"http:\/\/cd06ffme.fr\/WordPress3\/haut-niveau\/20250323_113603\/\" data-orig-file=\"https:\/\/i0.wp.com\/cd06ffme.fr\/WordPress3\/wp-content\/uploads\/2025\/06\/20250323_113603-scaled.jpg?fit=2560%2C1920\" data-orig-size=\"2560,1920\" data-comments-opened=\"0\" data-image-meta=\"{&quot;aperture&quot;:&quot;2.4&quot;,&quot;credit&quot;:&quot;&quot;,&quot;camera&quot;:&quot;Galaxy S23 Ultra&quot;,&quot;caption&quot;:&quot;&quot;,&quot;created_timestamp&quot;:&quot;1742729763&quot;,&quot;copyright&quot;:&quot;&quot;,&quot;focal_length&quot;:&quot;7.9&quot;,&quot;iso&quot;:&quot;100&quot;,&quot;shutter_speed&quot;:&quot;0.014084507042254&quot;,&quot;title&quot;:&quot;&quot;,&quot;orientation&quot;:&quot;1&quot;}\" data-image-title=\"20250323_113603\" data-image-description=\"\" data-image-caption=\"\" data-medium-file=\"https:\/\/i0.wp.com\/cd06ffme.fr\/WordPress3\/wp-content\/uploads\/2025\/06\/20250323_113603-scaled.jpg?fit=300%2C225\" data-large-file=\"https:\/\/i0.wp.com\/cd06ffme.fr\/WordPress3\/wp-content\/uploads\/2025\/06\/20250323_113603-scaled.jpg?fit=580%2C435\" decoding=\"async\" loading=\"lazy\" width=\"580\" height=\"435\" src=\"https:\/\/i0.wp.com\/cd06ffme.fr\/WordPress3\/wp-content\/uploads\/2025\/06\/20250323_113603-1024x768.jpg?resize=580%2C435&#038;ssl=1\" alt=\"\" class=\"wp-image-7365\" srcset=\"https:\/\/i0.wp.com\/cd06ffme.fr\/WordPress3\/wp-content\/uploads\/2025\/06\/20250323_113603-scaled.jpg?resize=1024%2C768 1024w, https:\/\/i0.wp.com\/cd06ffme.fr\/WordPress3\/wp-content\/uploads\/2025\/06\/20250323_113603-scaled.jpg?resize=300%2C225 300w, https:\/\/i0.wp.com\/cd06ffme.fr\/WordPress3\/wp-content\/uploads\/2025\/06\/20250323_113603-scaled.jpg?resize=768%2C576 768w, https:\/\/i0.wp.com\/cd06ffme.fr\/WordPress3\/wp-content\/uploads\/2025\/06\/20250323_113603-scaled.jpg?resize=1536%2C1152 1536w, https:\/\/i0.wp.com\/cd06ffme.fr\/WordPress3\/wp-content\/uploads\/2025\/06\/20250323_113603-scaled.jpg?resize=2048%2C1536 2048w, https:\/\/i0.wp.com\/cd06ffme.fr\/WordPress3\/wp-content\/uploads\/2025\/06\/20250323_113603-scaled.jpg?resize=1200%2C900 1200w, https:\/\/i0.wp.com\/cd06ffme.fr\/WordPress3\/wp-content\/uploads\/2025\/06\/20250323_113603-scaled.jpg?resize=1980%2C1485 1980w, https:\/\/i0.wp.com\/cd06ffme.fr\/WordPress3\/wp-content\/uploads\/2025\/06\/20250323_113603-scaled.jpg?w=1740 1740w\" sizes=\"(max-width: 580px) 100vw, 580px\" data-recalc-dims=\"1\" \/><\/figure>\n\n\n\n<p class=\"has-secondary-color has-text-color has-link-color wp-elements-9ab710cf8c468622e0769e4dc7d6d8ac\"><\/p>\n\n\n\n<h3 class=\"wp-block-heading has-accent-color has-text-color has-link-color wp-elements-96ec8df40828e2d433febd87b17afa0b\"><strong>Equipe D\u00e9partementale :<\/strong><\/h3>\n\n\n\n<p>En compl\u00e9ment de leur entra\u00eenement dans leurs clubs respectifs, les jeunes licenci\u00e9s les plus prometteurs sont regroup\u00e9s au sein d&rsquo;une \u00e9quipe d\u00e9partementale, constitu\u00e9e de 26 jeunes en 2 groupe d&rsquo;\u00e2ge. Ces derniers se retrouvent une quinzaine de fois par saison pour des entra\u00eenements sp\u00e9cifiques avec des coachs tourn\u00e9s vers la performance. Ateliers sp\u00e9cifiques, ouvertures de voies d\u00e9di\u00e9es, d\u00e9placement vers des SAE plus \u00e9loign\u00e9es, moment de coh\u00e9sions, sont autant d&rsquo;\u00e9l\u00e9ments mis en place pour aider les jeunes maralpins \u00e0 briller \u00e0 un \u00e9chelon r\u00e9gional ou national.<\/p>\n\n\n\n<p>Parall\u00e8lement \u00e0 cela, le CT06 dispose \u00e9galement d&rsquo;un minibus \u00e0 9 places qu&rsquo;il met fr\u00e9quemment \u00e0 disposition des clubs, pour accompagner les jeunes aux stages d&rsquo;entra\u00eenement r\u00e9gionaux et aux comp\u00e9titions plus \u00e9loign\u00e9es, favorisant ainsi une mutualisation des moyens entre les clubs.<\/p>\n\n\n\n<h3 class=\"wp-block-heading has-accent-color has-text-color has-link-color wp-elements-009f8e586ecd17322bc673a22d02c1fd\">Crit\u00e8res de s\u00e9lection<\/h3>\n\n\n\n<p>Les cat\u00e9gories concern\u00e9es sont de U11 \u00e0 U19.<\/p>\n\n\n\n<p>La s\u00e9lection des athl\u00e8tes s\u2019effectue selon les <strong>crit\u00e8res suivants, class\u00e9s par ordre de priorit\u00e9<\/strong>, et <strong>dans la limite des quotas disponibles<\/strong> :<\/p>\n\n\n\n<p>1- Etre qualifi\u00e9 aux Championnats de France ou aux demi France<br \/>2- Etre classer dans le top 10 du classement des championnats r\u00e9gional<br \/>3- Etre 1er \u00e0 un championnat d\u00e9partemental en PACA<br \/>4- Pour les U11 et U13 \u00eatre le 1er du classement du challenge Berhault<\/p>\n\n\n\n<p class=\"has-secondary-color has-text-color has-link-color wp-elements-397c430954411dc803d58d011ced1b78\">Gestion des quotas et rempla\u00e7ants<\/p>\n\n\n\n<p>Des <strong>jeunes pouvant remplir les crit\u00e8res<\/strong> mais <strong>non retenus en raison des quotas atteints<\/strong> pourront \u00eatre d\u00e9sign\u00e9s comme <strong>rempla\u00e7ants potentiels<\/strong>.<br \/>Par ailleurs, des <strong>athl\u00e8tes proches des crit\u00e8res de s\u00e9lection<\/strong> pourront \u00eatre <strong>invit\u00e9s en cas de d\u00e9sistement ou d\u2019absence<\/strong>.<\/p>\n\n\n\n<p class=\"has-accent-color has-text-color has-link-color wp-elements-abfbe19c58d1dda939321345ca65d74f\">Validation finale<\/p>\n\n\n\n<p>La <strong>s\u00e9lection finale<\/strong> est r\u00e9alis\u00e9e par <strong>l\u2019\u00e9quipe technique d\u00e9partementale<\/strong>, en prenant en compte :<\/p>\n\n\n\n<ul>\n<li>les <strong>r\u00e9sultats sportifs<\/strong>,<\/li>\n\n\n\n<li>la <strong>r\u00e9gularit\u00e9 des performances<\/strong>,<\/li>\n\n\n\n<li>le <strong>potentiel d\u2019\u00e9volution<\/strong> de chaque athl\u00e8te.<\/li>\n<\/ul>\n\n\n\n<h3 class=\"wp-block-heading has-accent-color has-text-color has-link-color wp-elements-8115997436229a1a59c24cdef2e2c938\">Engagements des athl\u00e8tes<\/h3>\n\n\n\n<p>L\u2019int\u00e9gration au dispositif Haut Niveau implique:<\/p>\n\n\n\n<ul>\n<li>une <strong>assiduit\u00e9 aux regroupements et stages propos\u00e9s<\/strong> ;<\/li>\n\n\n\n<li>un <strong>comportement exemplaire<\/strong> en comp\u00e9tition et lors des actions f\u00e9d\u00e9rales ;<\/li>\n\n\n\n<li>le respect des r\u00e8gles, des encadrants et des autres athl\u00e8tes ;<\/li>\n\n\n\n<li>un engagement dans un <strong>projet sportif coh\u00e9rent<\/strong> avec le club.<\/li>\n<\/ul>\n\n\n\n<figure class=\"wp-block-image size-large\"><img data-attachment-id=\"6741\" data-permalink=\"http:\/\/cd06ffme.fr\/WordPress3\/haut-niveau\/photo-2023-05-27-21-49-40\/\" data-orig-file=\"https:\/\/i0.wp.com\/cd06ffme.fr\/WordPress3\/wp-content\/uploads\/2023\/10\/PHOTO-2023-05-27-21-49-40.jpg?fit=2048%2C1536\" data-orig-size=\"2048,1536\" data-comments-opened=\"0\" data-image-meta=\"{&quot;aperture&quot;:&quot;0&quot;,&quot;credit&quot;:&quot;&quot;,&quot;camera&quot;:&quot;&quot;,&quot;caption&quot;:&quot;&quot;,&quot;created_timestamp&quot;:&quot;0&quot;,&quot;copyright&quot;:&quot;&quot;,&quot;focal_length&quot;:&quot;0&quot;,&quot;iso&quot;:&quot;0&quot;,&quot;shutter_speed&quot;:&quot;0&quot;,&quot;title&quot;:&quot;&quot;,&quot;orientation&quot;:&quot;0&quot;}\" data-image-title=\"PHOTO-2023-05-27-21-49-40\" data-image-description=\"\" data-image-caption=\"\" data-medium-file=\"https:\/\/i0.wp.com\/cd06ffme.fr\/WordPress3\/wp-content\/uploads\/2023\/10\/PHOTO-2023-05-27-21-49-40.jpg?fit=300%2C225\" data-large-file=\"https:\/\/i0.wp.com\/cd06ffme.fr\/WordPress3\/wp-content\/uploads\/2023\/10\/PHOTO-2023-05-27-21-49-40.jpg?fit=580%2C435\" decoding=\"async\" loading=\"lazy\" width=\"580\" height=\"435\" src=\"https:\/\/i0.wp.com\/cd06ffme.fr\/WordPress3\/wp-content\/uploads\/2023\/10\/PHOTO-2023-05-27-21-49-40.jpg?resize=580%2C435\" alt=\"\" class=\"wp-image-6741\" srcset=\"https:\/\/i0.wp.com\/cd06ffme.fr\/WordPress3\/wp-content\/uploads\/2023\/10\/PHOTO-2023-05-27-21-49-40.jpg?resize=1024%2C768 1024w, https:\/\/i0.wp.com\/cd06ffme.fr\/WordPress3\/wp-content\/uploads\/2023\/10\/PHOTO-2023-05-27-21-49-40.jpg?resize=300%2C225 300w, https:\/\/i0.wp.com\/cd06ffme.fr\/WordPress3\/wp-content\/uploads\/2023\/10\/PHOTO-2023-05-27-21-49-40.jpg?resize=768%2C576 768w, https:\/\/i0.wp.com\/cd06ffme.fr\/WordPress3\/wp-content\/uploads\/2023\/10\/PHOTO-2023-05-27-21-49-40.jpg?resize=1536%2C1152 1536w, https:\/\/i0.wp.com\/cd06ffme.fr\/WordPress3\/wp-content\/uploads\/2023\/10\/PHOTO-2023-05-27-21-49-40.jpg?resize=1200%2C900 1200w, https:\/\/i0.wp.com\/cd06ffme.fr\/WordPress3\/wp-content\/uploads\/2023\/10\/PHOTO-2023-05-27-21-49-40.jpg?resize=1980%2C1485 1980w, https:\/\/i0.wp.com\/cd06ffme.fr\/WordPress3\/wp-content\/uploads\/2023\/10\/PHOTO-2023-05-27-21-49-40.jpg?w=2048 2048w, https:\/\/i0.wp.com\/cd06ffme.fr\/WordPress3\/wp-content\/uploads\/2023\/10\/PHOTO-2023-05-27-21-49-40.jpg?w=1740 1740w\" sizes=\"(max-width: 580px) 100vw, 580px\" data-recalc-dims=\"1\" \/><\/figure>\n","protected":false},"excerpt":{"rendered":"<p>Le Comit\u00e9 territorial Alpes-Maritimes FFME a \u00e0 coeur de d\u00e9velopper la pratique de l&rsquo;escalade comp\u00e9titive au sein du d\u00e9partement et de faire \u00e9merger des comp\u00e9titeurs au plus haut-niveau. Les Alpes-Maritimes [&hellip;]<\/p>\n","protected":false},"author":2991,"featured_media":0,"parent":0,"menu_order":0,"comment_status":"closed","ping_status":"closed","template":"","meta":{"jetpack_post_was_ever_published":false,"footnotes":""},"yoast_head":"<!-- This site is optimized with the Yoast SEO plugin v21.5 - https:\/\/yoast.com\/wordpress\/plugins\/seo\/ -->\n<title>Haut-Niveau | F\u00e9d\u00e9ration Fran\u00e7aise Montagne Escalade<\/title>\n<meta name=\"robots\" content=\"index, follow, max-snippet:-1, max-image-preview:large, max-video-preview:-1\" \/>\n<link rel=\"canonical\" href=\"https:\/\/cd06ffme.fr\/WordPress3\/haut-niveau\/\" \/>\n<meta property=\"og:locale\" content=\"fr_FR\" \/>\n<meta property=\"og:type\" content=\"article\" \/>\n<meta property=\"og:title\" content=\"Haut-Niveau | F\u00e9d\u00e9ration Fran\u00e7aise Montagne Escalade\" \/>\n<meta property=\"og:description\" content=\"Le Comit\u00e9 territorial Alpes-Maritimes FFME a \u00e0 coeur de d\u00e9velopper la pratique de l&rsquo;escalade comp\u00e9titive au sein du d\u00e9partement et de faire \u00e9merger des comp\u00e9titeurs au plus haut-niveau. Les Alpes-Maritimes [&hellip;]\" \/>\n<meta property=\"og:url\" content=\"https:\/\/cd06ffme.fr\/WordPress3\/haut-niveau\/\" \/>\n<meta property=\"og:site_name\" content=\"F\u00e9d\u00e9ration Fran\u00e7aise Montagne Escalade\" \/>\n<meta property=\"article:publisher\" content=\"https:\/\/www.facebook.com\/CT06FFME\" \/>\n<meta property=\"article:modified_time\" content=\"2026-01-27T10:18:47+00:00\" \/>\n<meta property=\"og:image\" content=\"https:\/\/cd06ffme.fr\/WordPress3\/wp-content\/uploads\/2025\/06\/20250323_113603-1024x768.jpg\" \/>\n<meta name=\"twitter:card\" content=\"summary_large_image\" \/>\n<meta name=\"twitter:label1\" content=\"Dur\u00e9e de lecture estim\u00e9e\" \/>\n\t<meta name=\"twitter:data1\" content=\"3 minutes\" \/>\n<script type=\"application\/ld+json\" class=\"yoast-schema-graph\">{\"@context\":\"https:\/\/schema.org\",\"@graph\":[{\"@type\":\"WebPage\",\"@id\":\"https:\/\/cd06ffme.fr\/WordPress3\/haut-niveau\/\",\"url\":\"https:\/\/cd06ffme.fr\/WordPress3\/haut-niveau\/\",\"name\":\"Haut-Niveau | F\u00e9d\u00e9ration Fran\u00e7aise Montagne Escalade\",\"isPartOf\":{\"@id\":\"http:\/\/cd06ffme.fr\/WordPress3\/#website\"},\"datePublished\":\"2023-10-30T15:00:25+00:00\",\"dateModified\":\"2026-01-27T10:18:47+00:00\",\"breadcrumb\":{\"@id\":\"https:\/\/cd06ffme.fr\/WordPress3\/haut-niveau\/#breadcrumb\"},\"inLanguage\":\"fr-FR\",\"potentialAction\":[{\"@type\":\"ReadAction\",\"target\":[\"https:\/\/cd06ffme.fr\/WordPress3\/haut-niveau\/\"]}]},{\"@type\":\"BreadcrumbList\",\"@id\":\"https:\/\/cd06ffme.fr\/WordPress3\/haut-niveau\/#breadcrumb\",\"itemListElement\":[{\"@type\":\"ListItem\",\"position\":1,\"name\":\"Accueil\",\"item\":\"https:\/\/cd06ffme.fr\/WordPress3\/\"},{\"@type\":\"ListItem\",\"position\":2,\"name\":\"Haut-Niveau\"}]},{\"@type\":\"WebSite\",\"@id\":\"http:\/\/cd06ffme.fr\/WordPress3\/#website\",\"url\":\"http:\/\/cd06ffme.fr\/WordPress3\/\",\"name\":\"F\u00e9d\u00e9ration Fran\u00e7aise Montagne Escalade 06\",\"description\":\"\",\"publisher\":{\"@id\":\"http:\/\/cd06ffme.fr\/WordPress3\/#organization\"},\"potentialAction\":[{\"@type\":\"SearchAction\",\"target\":{\"@type\":\"EntryPoint\",\"urlTemplate\":\"http:\/\/cd06ffme.fr\/WordPress3\/?s={search_term_string}\"},\"query-input\":\"required name=search_term_string\"}],\"inLanguage\":\"fr-FR\"},{\"@type\":\"Organization\",\"@id\":\"http:\/\/cd06ffme.fr\/WordPress3\/#organization\",\"name\":\"Comit\u00e9 Territorial des Alpes Maritimes F\u00e9d\u00e9ration Fran\u00e7aise de Montagne et d'Escalade\",\"url\":\"http:\/\/cd06ffme.fr\/WordPress3\/\",\"logo\":{\"@type\":\"ImageObject\",\"inLanguage\":\"fr-FR\",\"@id\":\"http:\/\/cd06ffme.fr\/WordPress3\/#\/schema\/logo\/image\/\",\"url\":\"https:\/\/i0.wp.com\/cd06ffme.fr\/WordPress3\/wp-content\/uploads\/2020\/12\/cropped-FFME_LOGO_INSTIT_SECONDAIRE_FOND_CLAIR_CMJN-2-1.png?fit=1705%2C547\",\"contentUrl\":\"https:\/\/i0.wp.com\/cd06ffme.fr\/WordPress3\/wp-content\/uploads\/2020\/12\/cropped-FFME_LOGO_INSTIT_SECONDAIRE_FOND_CLAIR_CMJN-2-1.png?fit=1705%2C547\",\"width\":1705,\"height\":547,\"caption\":\"Comit\u00e9 Territorial des Alpes Maritimes F\u00e9d\u00e9ration Fran\u00e7aise de Montagne et d'Escalade\"},\"image\":{\"@id\":\"http:\/\/cd06ffme.fr\/WordPress3\/#\/schema\/logo\/image\/\"},\"sameAs\":[\"https:\/\/www.facebook.com\/CT06FFME\",\"https:\/\/www.instagram.com\/ct06_ffme_montagne_escalade\/\",\"https:\/\/www.youtube.com\/channel\/UCOfq1FRfAZlbV6N7LCCd-lg\"]}]}<\/script>\n<!-- \/ Yoast SEO plugin. -->","yoast_head_json":{"title":"Haut-Niveau | F\u00e9d\u00e9ration Fran\u00e7aise Montagne Escalade","robots":{"index":"index","follow":"follow","max-snippet":"max-snippet:-1","max-image-preview":"max-image-preview:large","max-video-preview":"max-video-preview:-1"},"canonical":"https:\/\/cd06ffme.fr\/WordPress3\/haut-niveau\/","og_locale":"fr_FR","og_type":"article","og_title":"Haut-Niveau | F\u00e9d\u00e9ration Fran\u00e7aise Montagne Escalade","og_description":"Le Comit\u00e9 territorial Alpes-Maritimes FFME a \u00e0 coeur de d\u00e9velopper la pratique de l&rsquo;escalade comp\u00e9titive au sein du d\u00e9partement et de faire \u00e9merger des comp\u00e9titeurs au plus haut-niveau. Les Alpes-Maritimes [&hellip;]","og_url":"https:\/\/cd06ffme.fr\/WordPress3\/haut-niveau\/","og_site_name":"F\u00e9d\u00e9ration Fran\u00e7aise Montagne Escalade","article_publisher":"https:\/\/www.facebook.com\/CT06FFME","article_modified_time":"2026-01-27T10:18:47+00:00","og_image":[{"url":"https:\/\/cd06ffme.fr\/WordPress3\/wp-content\/uploads\/2025\/06\/20250323_113603-1024x768.jpg"}],"twitter_card":"summary_large_image","twitter_misc":{"Dur\u00e9e de lecture estim\u00e9e":"3 minutes"},"schema":{"@context":"https:\/\/schema.org","@graph":[{"@type":"WebPage","@id":"https:\/\/cd06ffme.fr\/WordPress3\/haut-niveau\/","url":"https:\/\/cd06ffme.fr\/WordPress3\/haut-niveau\/","name":"Haut-Niveau | F\u00e9d\u00e9ration Fran\u00e7aise Montagne Escalade","isPartOf":{"@id":"http:\/\/cd06ffme.fr\/WordPress3\/#website"},"datePublished":"2023-10-30T15:00:25+00:00","dateModified":"2026-01-27T10:18:47+00:00","breadcrumb":{"@id":"https:\/\/cd06ffme.fr\/WordPress3\/haut-niveau\/#breadcrumb"},"inLanguage":"fr-FR","potentialAction":[{"@type":"ReadAction","target":["https:\/\/cd06ffme.fr\/WordPress3\/haut-niveau\/"]}]},{"@type":"BreadcrumbList","@id":"https:\/\/cd06ffme.fr\/WordPress3\/haut-niveau\/#breadcrumb","itemListElement":[{"@type":"ListItem","position":1,"name":"Accueil","item":"https:\/\/cd06ffme.fr\/WordPress3\/"},{"@type":"ListItem","position":2,"name":"Haut-Niveau"}]},{"@type":"WebSite","@id":"http:\/\/cd06ffme.fr\/WordPress3\/#website","url":"http:\/\/cd06ffme.fr\/WordPress3\/","name":"F\u00e9d\u00e9ration Fran\u00e7aise Montagne Escalade 06","description":"","publisher":{"@id":"http:\/\/cd06ffme.fr\/WordPress3\/#organization"},"potentialAction":[{"@type":"SearchAction","target":{"@type":"EntryPoint","urlTemplate":"http:\/\/cd06ffme.fr\/WordPress3\/?s={search_term_string}"},"query-input":"required name=search_term_string"}],"inLanguage":"fr-FR"},{"@type":"Organization","@id":"http:\/\/cd06ffme.fr\/WordPress3\/#organization","name":"Comit\u00e9 Territorial des Alpes Maritimes F\u00e9d\u00e9ration Fran\u00e7aise de Montagne et d'Escalade","url":"http:\/\/cd06ffme.fr\/WordPress3\/","logo":{"@type":"ImageObject","inLanguage":"fr-FR","@id":"http:\/\/cd06ffme.fr\/WordPress3\/#\/schema\/logo\/image\/","url":"https:\/\/i0.wp.com\/cd06ffme.fr\/WordPress3\/wp-content\/uploads\/2020\/12\/cropped-FFME_LOGO_INSTIT_SECONDAIRE_FOND_CLAIR_CMJN-2-1.png?fit=1705%2C547","contentUrl":"https:\/\/i0.wp.com\/cd06ffme.fr\/WordPress3\/wp-content\/uploads\/2020\/12\/cropped-FFME_LOGO_INSTIT_SECONDAIRE_FOND_CLAIR_CMJN-2-1.png?fit=1705%2C547","width":1705,"height":547,"caption":"Comit\u00e9 Territorial des Alpes Maritimes F\u00e9d\u00e9ration Fran\u00e7aise de Montagne et d'Escalade"},"image":{"@id":"http:\/\/cd06ffme.fr\/WordPress3\/#\/schema\/logo\/image\/"},"sameAs":["https:\/\/www.facebook.com\/CT06FFME","https:\/\/www.instagram.com\/ct06_ffme_montagne_escalade\/","https:\/\/www.youtube.com\/channel\/UCOfq1FRfAZlbV6N7LCCd-lg"]}]}},"jetpack_sharing_enabled":true,"jetpack_shortlink":"https:\/\/wp.me\/P2LN8m-1KI","_links":{"self":[{"href":"http:\/\/cd06ffme.fr\/WordPress3\/wp-json\/wp\/v2\/pages\/6740"}],"collection":[{"href":"http:\/\/cd06ffme.fr\/WordPress3\/wp-json\/wp\/v2\/pages"}],"about":[{"href":"http:\/\/cd06ffme.fr\/WordPress3\/wp-json\/wp\/v2\/types\/page"}],"author":[{"embeddable":true,"href":"http:\/\/cd06ffme.fr\/WordPress3\/wp-json\/wp\/v2\/users\/2991"}],"replies":[{"embeddable":true,"href":"http:\/\/cd06ffme.fr\/WordPress3\/wp-json\/wp\/v2\/comments?post=6740"}],"version-history":[{"count":9,"href":"http:\/\/cd06ffme.fr\/WordPress3\/wp-json\/wp\/v2\/pages\/6740\/revisions"}],"predecessor-version":[{"id":7468,"href":"http:\/\/cd06ffme.fr\/WordPress3\/wp-json\/wp\/v2\/pages\/6740\/revisions\/7468"}],"wp:attachment":[{"href":"http:\/\/cd06ffme.fr\/WordPress3\/wp-json\/wp\/v2\/media?parent=6740"}],"curies":[{"name":"wp","href":"https:\/\/api.w.org\/{rel}","templated":true}]}}