{"id":5662,"date":"2021-01-22T09:53:45","date_gmt":"2021-01-22T08:53:45","guid":{"rendered":"http:\/\/cd06ffme.fr\/WordPress3\/?page_id=5662"},"modified":"2021-07-02T16:11:58","modified_gmt":"2021-07-02T14:11:58","slug":"topos","status":"publish","type":"page","link":"http:\/\/cd06ffme.fr\/WordPress3\/topos\/","title":{"rendered":"Topos"},"content":{"rendered":"<p style=\"text-align: center;\"><iframe loading=\"lazy\" src=\"\/\/umap.openstreetmap.fr\/fr\/map\/ffme-topo-complet_557560?scaleControl=false&amp;miniMap=false&amp;scrollWheelZoom=false&amp;zoomControl=true&amp;allowEdit=false&amp;moreControl=true&amp;searchControl=null&amp;tilelayersControl=null&amp;embedControl=null&amp;datalayersControl=true&amp;onLoadPanel=undefined&amp;captionBar=false\" width=\"800px\" height=\"1000px\" frameborder=\"0\" allowfullscreen=\"allowfullscreen\"><span style=\"display: inline-block; width: 0px; overflow: hidden; line-height: 0;\" data-mce-type=\"bookmark\" class=\"mce_SELRES_start\">\ufeff<\/span><\/iframe><\/p>\n<p style=\"text-align: center;\">\n","protected":false},"excerpt":{"rendered":"<p>\ufeff<\/p>\n","protected":false},"author":2991,"featured_media":0,"parent":0,"menu_order":0,"comment_status":"closed","ping_status":"closed","template":"template-page-builder.php","meta":{"jetpack_post_was_ever_published":false,"footnotes":""},"yoast_head":"<!-- This site is optimized with the Yoast SEO plugin v21.5 - https:\/\/yoast.com\/wordpress\/plugins\/seo\/ -->\n<title>Topos | F\u00e9d\u00e9ration Fran\u00e7aise Montagne Escalade<\/title>\n<meta name=\"robots\" content=\"index, follow, max-snippet:-1, max-image-preview:large, max-video-preview:-1\" \/>\n<link rel=\"canonical\" href=\"https:\/\/cd06ffme.fr\/WordPress3\/topos\/\" \/>\n<meta property=\"og:locale\" content=\"fr_FR\" \/>\n<meta property=\"og:type\" content=\"article\" \/>\n<meta property=\"og:title\" content=\"Topos | F\u00e9d\u00e9ration Fran\u00e7aise Montagne Escalade\" \/>\n<meta property=\"og:description\" content=\"\ufeff\" \/>\n<meta property=\"og:url\" content=\"https:\/\/cd06ffme.fr\/WordPress3\/topos\/\" \/>\n<meta property=\"og:site_name\" content=\"F\u00e9d\u00e9ration Fran\u00e7aise Montagne Escalade\" \/>\n<meta property=\"article:publisher\" content=\"https:\/\/www.facebook.com\/CT06FFME\" \/>\n<meta property=\"article:modified_time\" content=\"2021-07-02T14:11:58+00:00\" \/>\n<meta name=\"twitter:card\" content=\"summary_large_image\" \/>\n<script type=\"application\/ld+json\" class=\"yoast-schema-graph\">{\"@context\":\"https:\/\/schema.org\",\"@graph\":[{\"@type\":\"WebPage\",\"@id\":\"https:\/\/cd06ffme.fr\/WordPress3\/topos\/\",\"url\":\"https:\/\/cd06ffme.fr\/WordPress3\/topos\/\",\"name\":\"Topos | F\u00e9d\u00e9ration Fran\u00e7aise Montagne Escalade\",\"isPartOf\":{\"@id\":\"http:\/\/cd06ffme.fr\/WordPress3\/#website\"},\"datePublished\":\"2021-01-22T08:53:45+00:00\",\"dateModified\":\"2021-07-02T14:11:58+00:00\",\"breadcrumb\":{\"@id\":\"https:\/\/cd06ffme.fr\/WordPress3\/topos\/#breadcrumb\"},\"inLanguage\":\"fr-FR\",\"potentialAction\":[{\"@type\":\"ReadAction\",\"target\":[\"https:\/\/cd06ffme.fr\/WordPress3\/topos\/\"]}]},{\"@type\":\"BreadcrumbList\",\"@id\":\"https:\/\/cd06ffme.fr\/WordPress3\/topos\/#breadcrumb\",\"itemListElement\":[{\"@type\":\"ListItem\",\"position\":1,\"name\":\"Accueil\",\"item\":\"https:\/\/cd06ffme.fr\/WordPress3\/\"},{\"@type\":\"ListItem\",\"position\":2,\"name\":\"Topos\"}]},{\"@type\":\"WebSite\",\"@id\":\"http:\/\/cd06ffme.fr\/WordPress3\/#website\",\"url\":\"http:\/\/cd06ffme.fr\/WordPress3\/\",\"name\":\"F\u00e9d\u00e9ration Fran\u00e7aise Montagne Escalade 06\",\"description\":\"\",\"publisher\":{\"@id\":\"http:\/\/cd06ffme.fr\/WordPress3\/#organization\"},\"potentialAction\":[{\"@type\":\"SearchAction\",\"target\":{\"@type\":\"EntryPoint\",\"urlTemplate\":\"http:\/\/cd06ffme.fr\/WordPress3\/?s={search_term_string}\"},\"query-input\":\"required name=search_term_string\"}],\"inLanguage\":\"fr-FR\"},{\"@type\":\"Organization\",\"@id\":\"http:\/\/cd06ffme.fr\/WordPress3\/#organization\",\"name\":\"Comit\u00e9 Territorial des Alpes Maritimes F\u00e9d\u00e9ration Fran\u00e7aise de Montagne et d'Escalade\",\"url\":\"http:\/\/cd06ffme.fr\/WordPress3\/\",\"logo\":{\"@type\":\"ImageObject\",\"inLanguage\":\"fr-FR\",\"@id\":\"http:\/\/cd06ffme.fr\/WordPress3\/#\/schema\/logo\/image\/\",\"url\":\"https:\/\/i0.wp.com\/cd06ffme.fr\/WordPress3\/wp-content\/uploads\/2020\/12\/cropped-FFME_LOGO_INSTIT_SECONDAIRE_FOND_CLAIR_CMJN-2-1.png?fit=1705%2C547\",\"contentUrl\":\"https:\/\/i0.wp.com\/cd06ffme.fr\/WordPress3\/wp-content\/uploads\/2020\/12\/cropped-FFME_LOGO_INSTIT_SECONDAIRE_FOND_CLAIR_CMJN-2-1.png?fit=1705%2C547\",\"width\":1705,\"height\":547,\"caption\":\"Comit\u00e9 Territorial des Alpes Maritimes F\u00e9d\u00e9ration Fran\u00e7aise de Montagne et d'Escalade\"},\"image\":{\"@id\":\"http:\/\/cd06ffme.fr\/WordPress3\/#\/schema\/logo\/image\/\"},\"sameAs\":[\"https:\/\/www.facebook.com\/CT06FFME\",\"https:\/\/www.instagram.com\/ct06_ffme_montagne_escalade\/\",\"https:\/\/www.youtube.com\/channel\/UCOfq1FRfAZlbV6N7LCCd-lg\"]}]}<\/script>\n<!-- \/ Yoast SEO plugin. -->","yoast_head_json":{"title":"Topos | F\u00e9d\u00e9ration Fran\u00e7aise Montagne Escalade","robots":{"index":"index","follow":"follow","max-snippet":"max-snippet:-1","max-image-preview":"max-image-preview:large","max-video-preview":"max-video-preview:-1"},"canonical":"https:\/\/cd06ffme.fr\/WordPress3\/topos\/","og_locale":"fr_FR","og_type":"article","og_title":"Topos | F\u00e9d\u00e9ration Fran\u00e7aise Montagne Escalade","og_description":"\ufeff","og_url":"https:\/\/cd06ffme.fr\/WordPress3\/topos\/","og_site_name":"F\u00e9d\u00e9ration Fran\u00e7aise Montagne Escalade","article_publisher":"https:\/\/www.facebook.com\/CT06FFME","article_modified_time":"2021-07-02T14:11:58+00:00","twitter_card":"summary_large_image","schema":{"@context":"https:\/\/schema.org","@graph":[{"@type":"WebPage","@id":"https:\/\/cd06ffme.fr\/WordPress3\/topos\/","url":"https:\/\/cd06ffme.fr\/WordPress3\/topos\/","name":"Topos | F\u00e9d\u00e9ration Fran\u00e7aise Montagne Escalade","isPartOf":{"@id":"http:\/\/cd06ffme.fr\/WordPress3\/#website"},"datePublished":"2021-01-22T08:53:45+00:00","dateModified":"2021-07-02T14:11:58+00:00","breadcrumb":{"@id":"https:\/\/cd06ffme.fr\/WordPress3\/topos\/#breadcrumb"},"inLanguage":"fr-FR","potentialAction":[{"@type":"ReadAction","target":["https:\/\/cd06ffme.fr\/WordPress3\/topos\/"]}]},{"@type":"BreadcrumbList","@id":"https:\/\/cd06ffme.fr\/WordPress3\/topos\/#breadcrumb","itemListElement":[{"@type":"ListItem","position":1,"name":"Accueil","item":"https:\/\/cd06ffme.fr\/WordPress3\/"},{"@type":"ListItem","position":2,"name":"Topos"}]},{"@type":"WebSite","@id":"http:\/\/cd06ffme.fr\/WordPress3\/#website","url":"http:\/\/cd06ffme.fr\/WordPress3\/","name":"F\u00e9d\u00e9ration Fran\u00e7aise Montagne Escalade 06","description":"","publisher":{"@id":"http:\/\/cd06ffme.fr\/WordPress3\/#organization"},"potentialAction":[{"@type":"SearchAction","target":{"@type":"EntryPoint","urlTemplate":"http:\/\/cd06ffme.fr\/WordPress3\/?s={search_term_string}"},"query-input":"required name=search_term_string"}],"inLanguage":"fr-FR"},{"@type":"Organization","@id":"http:\/\/cd06ffme.fr\/WordPress3\/#organization","name":"Comit\u00e9 Territorial des Alpes Maritimes F\u00e9d\u00e9ration Fran\u00e7aise de Montagne et d'Escalade","url":"http:\/\/cd06ffme.fr\/WordPress3\/","logo":{"@type":"ImageObject","inLanguage":"fr-FR","@id":"http:\/\/cd06ffme.fr\/WordPress3\/#\/schema\/logo\/image\/","url":"https:\/\/i0.wp.com\/cd06ffme.fr\/WordPress3\/wp-content\/uploads\/2020\/12\/cropped-FFME_LOGO_INSTIT_SECONDAIRE_FOND_CLAIR_CMJN-2-1.png?fit=1705%2C547","contentUrl":"https:\/\/i0.wp.com\/cd06ffme.fr\/WordPress3\/wp-content\/uploads\/2020\/12\/cropped-FFME_LOGO_INSTIT_SECONDAIRE_FOND_CLAIR_CMJN-2-1.png?fit=1705%2C547","width":1705,"height":547,"caption":"Comit\u00e9 Territorial des Alpes Maritimes F\u00e9d\u00e9ration Fran\u00e7aise de Montagne et d'Escalade"},"image":{"@id":"http:\/\/cd06ffme.fr\/WordPress3\/#\/schema\/logo\/image\/"},"sameAs":["https:\/\/www.facebook.com\/CT06FFME","https:\/\/www.instagram.com\/ct06_ffme_montagne_escalade\/","https:\/\/www.youtube.com\/channel\/UCOfq1FRfAZlbV6N7LCCd-lg"]}]}},"jetpack_sharing_enabled":false,"jetpack_shortlink":"https:\/\/wp.me\/P2LN8m-1tk","_links":{"self":[{"href":"http:\/\/cd06ffme.fr\/WordPress3\/wp-json\/wp\/v2\/pages\/5662"}],"collection":[{"href":"http:\/\/cd06ffme.fr\/WordPress3\/wp-json\/wp\/v2\/pages"}],"about":[{"href":"http:\/\/cd06ffme.fr\/WordPress3\/wp-json\/wp\/v2\/types\/page"}],"author":[{"embeddable":true,"href":"http:\/\/cd06ffme.fr\/WordPress3\/wp-json\/wp\/v2\/users\/2991"}],"replies":[{"embeddable":true,"href":"http:\/\/cd06ffme.fr\/WordPress3\/wp-json\/wp\/v2\/comments?post=5662"}],"version-history":[{"count":15,"href":"http:\/\/cd06ffme.fr\/WordPress3\/wp-json\/wp\/v2\/pages\/5662\/revisions"}],"predecessor-version":[{"id":6107,"href":"http:\/\/cd06ffme.fr\/WordPress3\/wp-json\/wp\/v2\/pages\/5662\/revisions\/6107"}],"wp:attachment":[{"href":"http:\/\/cd06ffme.fr\/WordPress3\/wp-json\/wp\/v2\/media?parent=5662"}],"curies":[{"name":"wp","href":"https:\/\/api.w.org\/{rel}","templated":true}]}}