{"id":5130,"date":"2020-12-29T14:11:44","date_gmt":"2020-12-29T13:11:44","guid":{"rendered":"http:\/\/cd06ffme.fr\/WordPress3\/?page_id=5130"},"modified":"2021-03-19T17:21:50","modified_gmt":"2021-03-19T16:21:50","slug":"montagne-plaisir","status":"publish","type":"page","link":"http:\/\/cd06ffme.fr\/WordPress3\/montagne-plaisir\/","title":{"rendered":"Montagne Plaisir"},"content":{"rendered":"<p style=\"text-align: center;\"><span style=\"font-family: helvetica, arial, sans-serif;\"><span style=\"font-size: 18pt;\"><strong>L&rsquo;Objectif ?<\/strong><\/span>\u00a0<\/span><\/p>\n<p style=\"text-align: center;\"><em><span style=\"font-family: helvetica, arial, sans-serif;\"> Sensibiliser \u00ab les usagers \u00bb aux risques li\u00e9s \u00e0 la Montagne<\/span><\/em><\/p>\n<p style=\"text-align: center;\"><span style=\"font-family: helvetica, arial, sans-serif; font-size: 18pt;\"><strong>Quelles activit\u00e9s ?<\/strong><\/span><\/p>\n<ul>\n<li style=\"text-align: center;\"><span style=\"font-family: helvetica, arial, sans-serif;\">Des d\u00e9bats<\/span><\/li>\n<li style=\"text-align: center;\"><span style=\"font-family: helvetica, arial, sans-serif;\">Des projections<\/span><\/li>\n<li style=\"text-align: center;\"><span style=\"font-family: helvetica, arial, sans-serif;\">Des d\u00e9monstrations<\/span><\/li>\n<li style=\"text-align: center;\"><span style=\"font-family: helvetica, arial, sans-serif;\">Des jeux<\/span><\/li>\n<\/ul>\n<p style=\"text-align: center;\"><strong><span style=\"font-family: helvetica, arial, sans-serif; font-size: 18pt;\">Quand ? <\/span><\/strong><span style=\"font-family: helvetica, arial, sans-serif;\"><em>Plusieurs dates pendant la saison hivernale<\/em> <\/span><\/p>\n<p style=\"text-align: center;\"><span style=\"font-size: 18pt;\"><strong><span style=\"font-family: helvetica, arial, sans-serif;\">O\u00f9 ? <\/span><\/strong><\/span><span style=\"font-family: helvetica, arial, sans-serif;\"><em>Au c\u0153ur des stations de ski du d\u00e9partement<\/em> <\/span><\/p>\n<p>&nbsp;<\/p>\n<p style=\"text-align: center;\"><strong><span style=\"font-family: helvetica, arial, sans-serif;\">L&rsquo;\u00e9v\u00e9nement est en partenariat avec la Direction D\u00e9partementale de la Coh\u00e9sion Sociale des Alpes-Maritimes.<\/span><\/strong><\/p>\n","protected":false},"excerpt":{"rendered":"<p>L&rsquo;Objectif ?\u00a0 Sensibiliser \u00ab les usagers \u00bb aux risques li\u00e9s \u00e0 la Montagne Quelles activit\u00e9s ? Des d\u00e9bats Des projections Des d\u00e9monstrations Des jeux Quand ? Plusieurs dates pendant la [&hellip;]<\/p>\n","protected":false},"author":2991,"featured_media":5486,"parent":0,"menu_order":0,"comment_status":"closed","ping_status":"closed","template":"templates\/template-full-width.php","meta":{"jetpack_post_was_ever_published":false,"footnotes":""},"yoast_head":"<!-- This site is optimized with the Yoast SEO plugin v21.5 - https:\/\/yoast.com\/wordpress\/plugins\/seo\/ -->\n<title>Montagne Plaisir | F\u00e9d\u00e9ration Fran\u00e7aise Montagne Escalade<\/title>\n<meta name=\"robots\" content=\"index, follow, max-snippet:-1, max-image-preview:large, max-video-preview:-1\" \/>\n<link rel=\"canonical\" href=\"https:\/\/cd06ffme.fr\/WordPress3\/montagne-plaisir\/\" \/>\n<meta property=\"og:locale\" content=\"fr_FR\" \/>\n<meta property=\"og:type\" content=\"article\" \/>\n<meta property=\"og:title\" content=\"Montagne Plaisir | F\u00e9d\u00e9ration Fran\u00e7aise Montagne Escalade\" \/>\n<meta property=\"og:description\" content=\"L&rsquo;Objectif ?\u00a0 Sensibiliser \u00ab les usagers \u00bb aux risques li\u00e9s \u00e0 la Montagne Quelles activit\u00e9s ? Des d\u00e9bats Des projections Des d\u00e9monstrations Des jeux Quand ? Plusieurs dates pendant la [&hellip;]\" \/>\n<meta property=\"og:url\" content=\"https:\/\/cd06ffme.fr\/WordPress3\/montagne-plaisir\/\" \/>\n<meta property=\"og:site_name\" content=\"F\u00e9d\u00e9ration Fran\u00e7aise Montagne Escalade\" \/>\n<meta property=\"article:publisher\" content=\"https:\/\/www.facebook.com\/CT06FFME\" \/>\n<meta property=\"article:modified_time\" content=\"2021-03-19T16:21:50+00:00\" \/>\n<meta property=\"og:image\" content=\"https:\/\/i0.wp.com\/cd06ffme.fr\/WordPress3\/wp-content\/uploads\/2021\/01\/MP-scaled.jpg?fit=2560%2C1144&ssl=1\" \/>\n\t<meta property=\"og:image:width\" content=\"2560\" \/>\n\t<meta property=\"og:image:height\" content=\"1144\" \/>\n\t<meta property=\"og:image:type\" content=\"image\/jpeg\" \/>\n<meta name=\"twitter:card\" content=\"summary_large_image\" \/>\n<script type=\"application\/ld+json\" class=\"yoast-schema-graph\">{\"@context\":\"https:\/\/schema.org\",\"@graph\":[{\"@type\":\"WebPage\",\"@id\":\"https:\/\/cd06ffme.fr\/WordPress3\/montagne-plaisir\/\",\"url\":\"https:\/\/cd06ffme.fr\/WordPress3\/montagne-plaisir\/\",\"name\":\"Montagne Plaisir | F\u00e9d\u00e9ration Fran\u00e7aise Montagne Escalade\",\"isPartOf\":{\"@id\":\"http:\/\/cd06ffme.fr\/WordPress3\/#website\"},\"datePublished\":\"2020-12-29T13:11:44+00:00\",\"dateModified\":\"2021-03-19T16:21:50+00:00\",\"breadcrumb\":{\"@id\":\"https:\/\/cd06ffme.fr\/WordPress3\/montagne-plaisir\/#breadcrumb\"},\"inLanguage\":\"fr-FR\",\"potentialAction\":[{\"@type\":\"ReadAction\",\"target\":[\"https:\/\/cd06ffme.fr\/WordPress3\/montagne-plaisir\/\"]}]},{\"@type\":\"BreadcrumbList\",\"@id\":\"https:\/\/cd06ffme.fr\/WordPress3\/montagne-plaisir\/#breadcrumb\",\"itemListElement\":[{\"@type\":\"ListItem\",\"position\":1,\"name\":\"Accueil\",\"item\":\"http:\/\/cd06ffme.fr\/WordPress3\/\"},{\"@type\":\"ListItem\",\"position\":2,\"name\":\"Montagne Plaisir\"}]},{\"@type\":\"WebSite\",\"@id\":\"http:\/\/cd06ffme.fr\/WordPress3\/#website\",\"url\":\"http:\/\/cd06ffme.fr\/WordPress3\/\",\"name\":\"F\u00e9d\u00e9ration Fran\u00e7aise Montagne Escalade 06\",\"description\":\"\",\"publisher\":{\"@id\":\"http:\/\/cd06ffme.fr\/WordPress3\/#organization\"},\"potentialAction\":[{\"@type\":\"SearchAction\",\"target\":{\"@type\":\"EntryPoint\",\"urlTemplate\":\"http:\/\/cd06ffme.fr\/WordPress3\/?s={search_term_string}\"},\"query-input\":\"required name=search_term_string\"}],\"inLanguage\":\"fr-FR\"},{\"@type\":\"Organization\",\"@id\":\"http:\/\/cd06ffme.fr\/WordPress3\/#organization\",\"name\":\"Comit\u00e9 Territorial des Alpes Maritimes F\u00e9d\u00e9ration Fran\u00e7aise de Montagne et d'Escalade\",\"url\":\"http:\/\/cd06ffme.fr\/WordPress3\/\",\"logo\":{\"@type\":\"ImageObject\",\"inLanguage\":\"fr-FR\",\"@id\":\"http:\/\/cd06ffme.fr\/WordPress3\/#\/schema\/logo\/image\/\",\"url\":\"https:\/\/i0.wp.com\/cd06ffme.fr\/WordPress3\/wp-content\/uploads\/2020\/12\/cropped-FFME_LOGO_INSTIT_SECONDAIRE_FOND_CLAIR_CMJN-2-1.png?fit=1705%2C547\",\"contentUrl\":\"https:\/\/i0.wp.com\/cd06ffme.fr\/WordPress3\/wp-content\/uploads\/2020\/12\/cropped-FFME_LOGO_INSTIT_SECONDAIRE_FOND_CLAIR_CMJN-2-1.png?fit=1705%2C547\",\"width\":1705,\"height\":547,\"caption\":\"Comit\u00e9 Territorial des Alpes Maritimes F\u00e9d\u00e9ration Fran\u00e7aise de Montagne et d'Escalade\"},\"image\":{\"@id\":\"http:\/\/cd06ffme.fr\/WordPress3\/#\/schema\/logo\/image\/\"},\"sameAs\":[\"https:\/\/www.facebook.com\/CT06FFME\",\"https:\/\/www.instagram.com\/ct06_ffme_montagne_escalade\/\",\"https:\/\/www.youtube.com\/channel\/UCOfq1FRfAZlbV6N7LCCd-lg\"]}]}<\/script>\n<!-- \/ Yoast SEO plugin. -->","yoast_head_json":{"title":"Montagne Plaisir | F\u00e9d\u00e9ration Fran\u00e7aise Montagne Escalade","robots":{"index":"index","follow":"follow","max-snippet":"max-snippet:-1","max-image-preview":"max-image-preview:large","max-video-preview":"max-video-preview:-1"},"canonical":"https:\/\/cd06ffme.fr\/WordPress3\/montagne-plaisir\/","og_locale":"fr_FR","og_type":"article","og_title":"Montagne Plaisir | F\u00e9d\u00e9ration Fran\u00e7aise Montagne Escalade","og_description":"L&rsquo;Objectif ?\u00a0 Sensibiliser \u00ab les usagers \u00bb aux risques li\u00e9s \u00e0 la Montagne Quelles activit\u00e9s ? Des d\u00e9bats Des projections Des d\u00e9monstrations Des jeux Quand ? Plusieurs dates pendant la [&hellip;]","og_url":"https:\/\/cd06ffme.fr\/WordPress3\/montagne-plaisir\/","og_site_name":"F\u00e9d\u00e9ration Fran\u00e7aise Montagne Escalade","article_publisher":"https:\/\/www.facebook.com\/CT06FFME","article_modified_time":"2021-03-19T16:21:50+00:00","og_image":[{"width":2560,"height":1144,"url":"https:\/\/i0.wp.com\/cd06ffme.fr\/WordPress3\/wp-content\/uploads\/2021\/01\/MP-scaled.jpg?fit=2560%2C1144&ssl=1","type":"image\/jpeg"}],"twitter_card":"summary_large_image","schema":{"@context":"https:\/\/schema.org","@graph":[{"@type":"WebPage","@id":"https:\/\/cd06ffme.fr\/WordPress3\/montagne-plaisir\/","url":"https:\/\/cd06ffme.fr\/WordPress3\/montagne-plaisir\/","name":"Montagne Plaisir | F\u00e9d\u00e9ration Fran\u00e7aise Montagne Escalade","isPartOf":{"@id":"http:\/\/cd06ffme.fr\/WordPress3\/#website"},"datePublished":"2020-12-29T13:11:44+00:00","dateModified":"2021-03-19T16:21:50+00:00","breadcrumb":{"@id":"https:\/\/cd06ffme.fr\/WordPress3\/montagne-plaisir\/#breadcrumb"},"inLanguage":"fr-FR","potentialAction":[{"@type":"ReadAction","target":["https:\/\/cd06ffme.fr\/WordPress3\/montagne-plaisir\/"]}]},{"@type":"BreadcrumbList","@id":"https:\/\/cd06ffme.fr\/WordPress3\/montagne-plaisir\/#breadcrumb","itemListElement":[{"@type":"ListItem","position":1,"name":"Accueil","item":"http:\/\/cd06ffme.fr\/WordPress3\/"},{"@type":"ListItem","position":2,"name":"Montagne Plaisir"}]},{"@type":"WebSite","@id":"http:\/\/cd06ffme.fr\/WordPress3\/#website","url":"http:\/\/cd06ffme.fr\/WordPress3\/","name":"F\u00e9d\u00e9ration Fran\u00e7aise Montagne Escalade 06","description":"","publisher":{"@id":"http:\/\/cd06ffme.fr\/WordPress3\/#organization"},"potentialAction":[{"@type":"SearchAction","target":{"@type":"EntryPoint","urlTemplate":"http:\/\/cd06ffme.fr\/WordPress3\/?s={search_term_string}"},"query-input":"required name=search_term_string"}],"inLanguage":"fr-FR"},{"@type":"Organization","@id":"http:\/\/cd06ffme.fr\/WordPress3\/#organization","name":"Comit\u00e9 Territorial des Alpes Maritimes F\u00e9d\u00e9ration Fran\u00e7aise de Montagne et d'Escalade","url":"http:\/\/cd06ffme.fr\/WordPress3\/","logo":{"@type":"ImageObject","inLanguage":"fr-FR","@id":"http:\/\/cd06ffme.fr\/WordPress3\/#\/schema\/logo\/image\/","url":"https:\/\/i0.wp.com\/cd06ffme.fr\/WordPress3\/wp-content\/uploads\/2020\/12\/cropped-FFME_LOGO_INSTIT_SECONDAIRE_FOND_CLAIR_CMJN-2-1.png?fit=1705%2C547","contentUrl":"https:\/\/i0.wp.com\/cd06ffme.fr\/WordPress3\/wp-content\/uploads\/2020\/12\/cropped-FFME_LOGO_INSTIT_SECONDAIRE_FOND_CLAIR_CMJN-2-1.png?fit=1705%2C547","width":1705,"height":547,"caption":"Comit\u00e9 Territorial des Alpes Maritimes F\u00e9d\u00e9ration Fran\u00e7aise de Montagne et d'Escalade"},"image":{"@id":"http:\/\/cd06ffme.fr\/WordPress3\/#\/schema\/logo\/image\/"},"sameAs":["https:\/\/www.facebook.com\/CT06FFME","https:\/\/www.instagram.com\/ct06_ffme_montagne_escalade\/","https:\/\/www.youtube.com\/channel\/UCOfq1FRfAZlbV6N7LCCd-lg"]}]}},"jetpack_sharing_enabled":false,"jetpack_shortlink":"https:\/\/wp.me\/P2LN8m-1kK","_links":{"self":[{"href":"http:\/\/cd06ffme.fr\/WordPress3\/wp-json\/wp\/v2\/pages\/5130"}],"collection":[{"href":"http:\/\/cd06ffme.fr\/WordPress3\/wp-json\/wp\/v2\/pages"}],"about":[{"href":"http:\/\/cd06ffme.fr\/WordPress3\/wp-json\/wp\/v2\/types\/page"}],"author":[{"embeddable":true,"href":"http:\/\/cd06ffme.fr\/WordPress3\/wp-json\/wp\/v2\/users\/2991"}],"replies":[{"embeddable":true,"href":"http:\/\/cd06ffme.fr\/WordPress3\/wp-json\/wp\/v2\/comments?post=5130"}],"version-history":[{"count":10,"href":"http:\/\/cd06ffme.fr\/WordPress3\/wp-json\/wp\/v2\/pages\/5130\/revisions"}],"predecessor-version":[{"id":6072,"href":"http:\/\/cd06ffme.fr\/WordPress3\/wp-json\/wp\/v2\/pages\/5130\/revisions\/6072"}],"wp:featuredmedia":[{"embeddable":true,"href":"http:\/\/cd06ffme.fr\/WordPress3\/wp-json\/wp\/v2\/media\/5486"}],"wp:attachment":[{"href":"http:\/\/cd06ffme.fr\/WordPress3\/wp-json\/wp\/v2\/media?parent=5130"}],"curies":[{"name":"wp","href":"https:\/\/api.w.org\/{rel}","templated":true}]}}