{"id":4759,"date":"2020-12-04T16:55:46","date_gmt":"2020-12-04T15:55:46","guid":{"rendered":"http:\/\/cd06ffme.fr\/WordPress3\/?page_id=4759"},"modified":"2021-01-15T15:38:00","modified_gmt":"2021-01-15T14:38:00","slug":"mes-espaces","status":"publish","type":"page","link":"http:\/\/cd06ffme.fr\/WordPress3\/mes-espaces\/","title":{"rendered":"Mes Espaces"},"content":{"rendered":"<table style=\"border-collapse: collapse; width: 145.567%; height: 281px;\">\n<tbody>\n<tr>\n<td style=\"width: 51.1654%; text-align: center; border-style: solid; border-color: #ffffff;\">\n<h1><span style=\"color: #ffffff;\"><a style=\"color: #ffffff;\" href=\"http:\/\/cd06ffme.fr\/WordPress3\/espace-professionnel\"><span style=\"font-family: helvetica, arial, sans-serif;\">Espace Professionnel<\/span><\/a><\/span><\/h1>\n<\/td>\n<td style=\"width: 48.8346%; text-align: center; border-style: solid; border-color: #ffffff;\">\n<h1><span style=\"color: #ffffff;\"><a style=\"color: #ffffff;\" href=\"http:\/\/cd06ffme.fr\/WordPress3\/espace-licencie\"><span style=\"font-family: helvetica, arial, sans-serif;\">Espace <\/span><span style=\"font-family: helvetica, arial, sans-serif;\">Licenci\u00e9<\/span><\/a><\/span><\/h1>\n<\/td>\n<\/tr>\n<\/tbody>\n<\/table>\n","protected":false},"excerpt":{"rendered":"<p>Espace Professionnel Espace Licenci\u00e9<\/p>\n","protected":false},"author":2991,"featured_media":0,"parent":0,"menu_order":0,"comment_status":"closed","ping_status":"closed","template":"templates\/template-full-width.php","meta":{"jetpack_post_was_ever_published":false,"footnotes":""},"yoast_head":"<!-- This site is optimized with the Yoast SEO plugin v21.5 - https:\/\/yoast.com\/wordpress\/plugins\/seo\/ -->\n<title>Mes Espaces | F\u00e9d\u00e9ration Fran\u00e7aise Montagne Escalade<\/title>\n<meta name=\"robots\" content=\"index, follow, max-snippet:-1, max-image-preview:large, max-video-preview:-1\" \/>\n<link rel=\"canonical\" href=\"http:\/\/cd06ffme.fr\/WordPress3\/mes-espaces\/\" \/>\n<meta property=\"og:locale\" content=\"fr_FR\" \/>\n<meta property=\"og:type\" content=\"article\" \/>\n<meta property=\"og:title\" content=\"Mes Espaces | F\u00e9d\u00e9ration Fran\u00e7aise Montagne Escalade\" \/>\n<meta property=\"og:description\" content=\"Espace Professionnel Espace Licenci\u00e9\" \/>\n<meta property=\"og:url\" content=\"http:\/\/cd06ffme.fr\/WordPress3\/mes-espaces\/\" \/>\n<meta property=\"og:site_name\" content=\"F\u00e9d\u00e9ration Fran\u00e7aise Montagne Escalade\" \/>\n<meta property=\"article:publisher\" content=\"https:\/\/www.facebook.com\/CT06FFME\" \/>\n<meta property=\"article:modified_time\" content=\"2021-01-15T14:38:00+00:00\" \/>\n<meta name=\"twitter:card\" content=\"summary_large_image\" \/>\n<script type=\"application\/ld+json\" class=\"yoast-schema-graph\">{\"@context\":\"https:\/\/schema.org\",\"@graph\":[{\"@type\":\"WebPage\",\"@id\":\"http:\/\/cd06ffme.fr\/WordPress3\/mes-espaces\/\",\"url\":\"http:\/\/cd06ffme.fr\/WordPress3\/mes-espaces\/\",\"name\":\"Mes Espaces | F\u00e9d\u00e9ration Fran\u00e7aise Montagne Escalade\",\"isPartOf\":{\"@id\":\"http:\/\/cd06ffme.fr\/WordPress3\/#website\"},\"datePublished\":\"2020-12-04T15:55:46+00:00\",\"dateModified\":\"2021-01-15T14:38:00+00:00\",\"breadcrumb\":{\"@id\":\"http:\/\/cd06ffme.fr\/WordPress3\/mes-espaces\/#breadcrumb\"},\"inLanguage\":\"fr-FR\",\"potentialAction\":[{\"@type\":\"ReadAction\",\"target\":[\"http:\/\/cd06ffme.fr\/WordPress3\/mes-espaces\/\"]}]},{\"@type\":\"BreadcrumbList\",\"@id\":\"http:\/\/cd06ffme.fr\/WordPress3\/mes-espaces\/#breadcrumb\",\"itemListElement\":[{\"@type\":\"ListItem\",\"position\":1,\"name\":\"Accueil\",\"item\":\"https:\/\/cd06ffme.fr\/WordPress3\/\"},{\"@type\":\"ListItem\",\"position\":2,\"name\":\"Mes Espaces\"}]},{\"@type\":\"WebSite\",\"@id\":\"http:\/\/cd06ffme.fr\/WordPress3\/#website\",\"url\":\"http:\/\/cd06ffme.fr\/WordPress3\/\",\"name\":\"F\u00e9d\u00e9ration Fran\u00e7aise Montagne Escalade 06\",\"description\":\"\",\"publisher\":{\"@id\":\"http:\/\/cd06ffme.fr\/WordPress3\/#organization\"},\"potentialAction\":[{\"@type\":\"SearchAction\",\"target\":{\"@type\":\"EntryPoint\",\"urlTemplate\":\"http:\/\/cd06ffme.fr\/WordPress3\/?s={search_term_string}\"},\"query-input\":\"required name=search_term_string\"}],\"inLanguage\":\"fr-FR\"},{\"@type\":\"Organization\",\"@id\":\"http:\/\/cd06ffme.fr\/WordPress3\/#organization\",\"name\":\"Comit\u00e9 Territorial des Alpes Maritimes F\u00e9d\u00e9ration Fran\u00e7aise de Montagne et d'Escalade\",\"url\":\"http:\/\/cd06ffme.fr\/WordPress3\/\",\"logo\":{\"@type\":\"ImageObject\",\"inLanguage\":\"fr-FR\",\"@id\":\"http:\/\/cd06ffme.fr\/WordPress3\/#\/schema\/logo\/image\/\",\"url\":\"https:\/\/i0.wp.com\/cd06ffme.fr\/WordPress3\/wp-content\/uploads\/2020\/12\/cropped-FFME_LOGO_INSTIT_SECONDAIRE_FOND_CLAIR_CMJN-2-1.png?fit=1705%2C547\",\"contentUrl\":\"https:\/\/i0.wp.com\/cd06ffme.fr\/WordPress3\/wp-content\/uploads\/2020\/12\/cropped-FFME_LOGO_INSTIT_SECONDAIRE_FOND_CLAIR_CMJN-2-1.png?fit=1705%2C547\",\"width\":1705,\"height\":547,\"caption\":\"Comit\u00e9 Territorial des Alpes Maritimes F\u00e9d\u00e9ration Fran\u00e7aise de Montagne et d'Escalade\"},\"image\":{\"@id\":\"http:\/\/cd06ffme.fr\/WordPress3\/#\/schema\/logo\/image\/\"},\"sameAs\":[\"https:\/\/www.facebook.com\/CT06FFME\",\"https:\/\/www.instagram.com\/ct06_ffme_montagne_escalade\/\",\"https:\/\/www.youtube.com\/channel\/UCOfq1FRfAZlbV6N7LCCd-lg\"]}]}<\/script>\n<!-- \/ Yoast SEO plugin. -->","yoast_head_json":{"title":"Mes Espaces | F\u00e9d\u00e9ration Fran\u00e7aise Montagne Escalade","robots":{"index":"index","follow":"follow","max-snippet":"max-snippet:-1","max-image-preview":"max-image-preview:large","max-video-preview":"max-video-preview:-1"},"canonical":"http:\/\/cd06ffme.fr\/WordPress3\/mes-espaces\/","og_locale":"fr_FR","og_type":"article","og_title":"Mes Espaces | F\u00e9d\u00e9ration Fran\u00e7aise Montagne Escalade","og_description":"Espace Professionnel Espace Licenci\u00e9","og_url":"http:\/\/cd06ffme.fr\/WordPress3\/mes-espaces\/","og_site_name":"F\u00e9d\u00e9ration Fran\u00e7aise Montagne Escalade","article_publisher":"https:\/\/www.facebook.com\/CT06FFME","article_modified_time":"2021-01-15T14:38:00+00:00","twitter_card":"summary_large_image","schema":{"@context":"https:\/\/schema.org","@graph":[{"@type":"WebPage","@id":"http:\/\/cd06ffme.fr\/WordPress3\/mes-espaces\/","url":"http:\/\/cd06ffme.fr\/WordPress3\/mes-espaces\/","name":"Mes Espaces | F\u00e9d\u00e9ration Fran\u00e7aise Montagne Escalade","isPartOf":{"@id":"http:\/\/cd06ffme.fr\/WordPress3\/#website"},"datePublished":"2020-12-04T15:55:46+00:00","dateModified":"2021-01-15T14:38:00+00:00","breadcrumb":{"@id":"http:\/\/cd06ffme.fr\/WordPress3\/mes-espaces\/#breadcrumb"},"inLanguage":"fr-FR","potentialAction":[{"@type":"ReadAction","target":["http:\/\/cd06ffme.fr\/WordPress3\/mes-espaces\/"]}]},{"@type":"BreadcrumbList","@id":"http:\/\/cd06ffme.fr\/WordPress3\/mes-espaces\/#breadcrumb","itemListElement":[{"@type":"ListItem","position":1,"name":"Accueil","item":"https:\/\/cd06ffme.fr\/WordPress3\/"},{"@type":"ListItem","position":2,"name":"Mes Espaces"}]},{"@type":"WebSite","@id":"http:\/\/cd06ffme.fr\/WordPress3\/#website","url":"http:\/\/cd06ffme.fr\/WordPress3\/","name":"F\u00e9d\u00e9ration Fran\u00e7aise Montagne Escalade 06","description":"","publisher":{"@id":"http:\/\/cd06ffme.fr\/WordPress3\/#organization"},"potentialAction":[{"@type":"SearchAction","target":{"@type":"EntryPoint","urlTemplate":"http:\/\/cd06ffme.fr\/WordPress3\/?s={search_term_string}"},"query-input":"required name=search_term_string"}],"inLanguage":"fr-FR"},{"@type":"Organization","@id":"http:\/\/cd06ffme.fr\/WordPress3\/#organization","name":"Comit\u00e9 Territorial des Alpes Maritimes F\u00e9d\u00e9ration Fran\u00e7aise de Montagne et d'Escalade","url":"http:\/\/cd06ffme.fr\/WordPress3\/","logo":{"@type":"ImageObject","inLanguage":"fr-FR","@id":"http:\/\/cd06ffme.fr\/WordPress3\/#\/schema\/logo\/image\/","url":"https:\/\/i0.wp.com\/cd06ffme.fr\/WordPress3\/wp-content\/uploads\/2020\/12\/cropped-FFME_LOGO_INSTIT_SECONDAIRE_FOND_CLAIR_CMJN-2-1.png?fit=1705%2C547","contentUrl":"https:\/\/i0.wp.com\/cd06ffme.fr\/WordPress3\/wp-content\/uploads\/2020\/12\/cropped-FFME_LOGO_INSTIT_SECONDAIRE_FOND_CLAIR_CMJN-2-1.png?fit=1705%2C547","width":1705,"height":547,"caption":"Comit\u00e9 Territorial des Alpes Maritimes F\u00e9d\u00e9ration Fran\u00e7aise de Montagne et d'Escalade"},"image":{"@id":"http:\/\/cd06ffme.fr\/WordPress3\/#\/schema\/logo\/image\/"},"sameAs":["https:\/\/www.facebook.com\/CT06FFME","https:\/\/www.instagram.com\/ct06_ffme_montagne_escalade\/","https:\/\/www.youtube.com\/channel\/UCOfq1FRfAZlbV6N7LCCd-lg"]}]}},"jetpack_sharing_enabled":true,"jetpack_shortlink":"https:\/\/wp.me\/P2LN8m-1eL","_links":{"self":[{"href":"http:\/\/cd06ffme.fr\/WordPress3\/wp-json\/wp\/v2\/pages\/4759"}],"collection":[{"href":"http:\/\/cd06ffme.fr\/WordPress3\/wp-json\/wp\/v2\/pages"}],"about":[{"href":"http:\/\/cd06ffme.fr\/WordPress3\/wp-json\/wp\/v2\/types\/page"}],"author":[{"embeddable":true,"href":"http:\/\/cd06ffme.fr\/WordPress3\/wp-json\/wp\/v2\/users\/2991"}],"replies":[{"embeddable":true,"href":"http:\/\/cd06ffme.fr\/WordPress3\/wp-json\/wp\/v2\/comments?post=4759"}],"version-history":[{"count":6,"href":"http:\/\/cd06ffme.fr\/WordPress3\/wp-json\/wp\/v2\/pages\/4759\/revisions"}],"predecessor-version":[{"id":5637,"href":"http:\/\/cd06ffme.fr\/WordPress3\/wp-json\/wp\/v2\/pages\/4759\/revisions\/5637"}],"wp:attachment":[{"href":"http:\/\/cd06ffme.fr\/WordPress3\/wp-json\/wp\/v2\/media?parent=4759"}],"curies":[{"name":"wp","href":"https:\/\/api.w.org\/{rel}","templated":true}]}}