{"id":4753,"date":"2020-12-04T16:55:46","date_gmt":"2020-12-04T15:55:46","guid":{"rendered":"http:\/\/cd06ffme.fr\/WordPress3\/?page_id=4753"},"modified":"2023-10-20T16:52:35","modified_gmt":"2023-10-20T14:52:35","slug":"sne","status":"publish","type":"page","link":"http:\/\/cd06ffme.fr\/WordPress3\/sne\/","title":{"rendered":"Falaise &#8211; Sites Naturels d&rsquo;Escalade"},"content":{"rendered":"<p><span style=\"font-family: helvetica, arial, sans-serif; font-size: 18pt;\">Le <strong>Comit\u00e9 territorial Alpes-Maritimes<\/strong> FFME entretient, promeut et d\u00e9veloppe l\u2019escalade en falaise (sites naturels d\u2019escalade \u2013 SNE). A travers de multiples partenariats avec les acteurs locaux (Communes, Communaut\u00e9s de Communes, D\u00e9partement, via le PDESI) le CT06 FFME audite annuellement, r\u00e9\u00e9quipe\u00a0 ou d\u00e9veloppe un certain nombres de sites sportifs sur le territroire, dont voici une liste non exhaustive :<\/span><\/p>\n<table width=\"100%\" cellspacing=\"0\" cellpadding=\"4\">\n<tbody>\n<tr valign=\"top\">\n<td width=\"33%\">Site<\/td>\n<td width=\"21%\">Commune<\/td>\n<td width=\"46%\">Partenaire<\/td>\n<\/tr>\n<tr valign=\"top\">\n<td width=\"33%\">Belv\u00e9d\u00e8re, Jurassik, Cayenne, Mesa Verde, Tunnels, Iroquois, Saut du Loup<\/td>\n<td width=\"21%\">Gourdon<\/td>\n<td width=\"46%\">Gourdon, CG06<\/td>\n<\/tr>\n<tr valign=\"top\">\n<td width=\"33%\">La Pare, Big Stuff<\/td>\n<td width=\"21%\">Escragnolle<\/td>\n<td width=\"46%\">Escragnolles<\/td>\n<\/tr>\n<tr valign=\"top\">\n<td width=\"33%\">L\u2019Infernet<\/td>\n<td width=\"21%\">Tourrette-Levens<\/td>\n<td width=\"46%\">Tourrette-Levens, CG06<\/td>\n<\/tr>\n<tr valign=\"top\">\n<td width=\"33%\">La Carri\u00e8re<\/td>\n<td width=\"21%\">La Trinit\u00e9<\/td>\n<td width=\"46%\">La Trinit\u00e9<\/td>\n<\/tr>\n<tr valign=\"top\">\n<td width=\"33%\">Blocs de Cabris<\/td>\n<td width=\"21%\">Cabris<\/td>\n<td width=\"46%\">CAPG<\/td>\n<\/tr>\n<tr valign=\"top\">\n<td width=\"33%\">Caille<\/td>\n<td width=\"21%\">Caille<\/td>\n<td width=\"46%\">CAPG<\/td>\n<\/tr>\n<tr valign=\"top\">\n<td width=\"33%\">La Bagar\u00e9e<\/td>\n<td width=\"21%\">La Colle sur Loup<\/td>\n<td width=\"46%\">CG06<\/td>\n<\/tr>\n<tr valign=\"top\">\n<td width=\"33%\">Le Rocher des Monges<\/td>\n<td width=\"21%\">Th\u00e9oule-sur-Mer<\/td>\n<td width=\"46%\">CG06<\/td>\n<\/tr>\n<tr valign=\"top\">\n<td width=\"33%\">La Grotte du Rat<\/td>\n<td width=\"21%\">Levens<\/td>\n<td width=\"46%\">Levens, CG06<\/td>\n<\/tr>\n<tr valign=\"top\">\n<td width=\"33%\">Bonson<\/td>\n<td width=\"21%\">Bonson<\/td>\n<td width=\"46%\">Bonson, CG06<\/td>\n<\/tr>\n<tr valign=\"top\">\n<td width=\"33%\">La Grande Face, la Traduction<\/td>\n<td width=\"21%\">Castillon<\/td>\n<td width=\"46%\">Castillon, CG06<\/td>\n<\/tr>\n<tr valign=\"top\">\n<td width=\"33%\">La Loubi\u00e8re, Roche \u00e0 roche, Dalle \u00e0 l\u2019oiseau, les Surplombs, la Haine, la Prussik<\/td>\n<td width=\"21%\">Cap d\u2019Ail<\/td>\n<td width=\"46%\">Cap d\u2019Ail, CG06<\/td>\n<\/tr>\n<tr valign=\"top\">\n<td width=\"33%\">Millefonts, Vernet Haut, Vernet Bas, La Roche, Guy Dufour<\/td>\n<td width=\"21%\">Valdeblore<\/td>\n<td width=\"46%\">Valdeblore, CG06<\/td>\n<\/tr>\n<tr valign=\"top\">\n<td width=\"33%\">Barre de la Cacia<\/td>\n<td width=\"21%\">Sigale<\/td>\n<td width=\"46%\">Sigale, CG06<\/td>\n<\/tr>\n<tr valign=\"top\">\n<td width=\"33%\">Les Malines<\/td>\n<td width=\"21%\">Saint-C\u00e9zaire sur Siagne<\/td>\n<td width=\"46%\">Saint-C\u00e9zaire sur Siagne, CG06<\/td>\n<\/tr>\n<tr valign=\"top\">\n<td width=\"33%\">L\u2019\u00e9cole, le triangle, les Beaussets<\/td>\n<td width=\"21%\">Saint-Auban<\/td>\n<td width=\"46%\">Saint-Auban, CG06<\/td>\n<\/tr>\n<tr valign=\"top\">\n<td width=\"33%\">Le Plantier<\/td>\n<td width=\"21%\">Contes<\/td>\n<td width=\"46%\">Contes, CG06<\/td>\n<\/tr>\n<tr valign=\"top\">\n<td width=\"33%\">Rocher des Baus<\/td>\n<td width=\"21%\">La Tour sur Tin\u00e9e<\/td>\n<td width=\"46%\">La Tour sur Tin\u00e9e, CG06<\/td>\n<\/tr>\n<tr valign=\"top\">\n<td width=\"33%\">Baus de la Ni\u00e8ya<\/td>\n<td width=\"21%\">Sospel<\/td>\n<td width=\"46%\">Sospel, CG06<\/td>\n<\/tr>\n<\/tbody>\n<\/table>\n<p>Les Projets :<\/p>\n<table width=\"100%\" cellspacing=\"0\" cellpadding=\"4\">\n<tbody>\n<tr valign=\"top\">\n<td width=\"50%\">Site<\/td>\n<td width=\"50%\">Commune<\/td>\n<\/tr>\n<tr valign=\"top\">\n<td width=\"50%\">La Paroi du Fort, Big Ben, le Gentil<\/td>\n<td width=\"50%\">La Turbie<\/td>\n<\/tr>\n<tr valign=\"top\">\n<td width=\"50%\">Le Pu\u00eat<\/td>\n<td width=\"50%\">Saint-Vallier de Thiey<\/td>\n<\/tr>\n<tr valign=\"top\">\n<td width=\"50%\">La Source, les Ressauts, la Cagne<\/td>\n<td width=\"50%\">Saint-Jeannet<\/td>\n<\/tr>\n<\/tbody>\n<\/table>\n<p><a href=\"https:\/\/www.ffme.fr\/escalade\/site-naturel\/les-falaises-et-sites-naturels\/sites-naturels-descalade-liste\/\"><strong><span style=\"font-family: helvetica, arial, sans-serif; font-size: 18pt;\"><span style=\"color: #ffffff;\">Retrouvez l\u2019ensemble des sites naturels d\u2019escalade dans les Alpes-Maritimes<\/span><\/span><\/strong><\/a><\/p>\n<p>Topos :<\/p>\n<p>&nbsp;<\/p>\n","protected":false},"excerpt":{"rendered":"<p>Le Comit\u00e9 territorial Alpes-Maritimes FFME entretient, promeut et d\u00e9veloppe l\u2019escalade en falaise (sites naturels d\u2019escalade \u2013 SNE). A travers de multiples partenariats avec les acteurs locaux (Communes, Communaut\u00e9s de Communes, [&hellip;]<\/p>\n","protected":false},"author":2991,"featured_media":0,"parent":0,"menu_order":0,"comment_status":"closed","ping_status":"closed","template":"templates\/template-full-width.php","meta":{"jetpack_post_was_ever_published":false,"footnotes":""},"yoast_head":"<!-- This site is optimized with the Yoast SEO plugin v21.5 - https:\/\/yoast.com\/wordpress\/plugins\/seo\/ -->\n<title>Falaise - Sites Naturels d&#039;Escalade | F\u00e9d\u00e9ration Fran\u00e7aise Montagne Escalade<\/title>\n<meta name=\"robots\" content=\"index, follow, max-snippet:-1, max-image-preview:large, max-video-preview:-1\" \/>\n<link rel=\"canonical\" href=\"http:\/\/cd06ffme.fr\/WordPress3\/sne\/\" \/>\n<meta property=\"og:locale\" content=\"fr_FR\" \/>\n<meta property=\"og:type\" content=\"article\" \/>\n<meta property=\"og:title\" content=\"Falaise - Sites Naturels d&#039;Escalade | F\u00e9d\u00e9ration Fran\u00e7aise Montagne Escalade\" \/>\n<meta property=\"og:description\" content=\"Le Comit\u00e9 territorial Alpes-Maritimes FFME entretient, promeut et d\u00e9veloppe l\u2019escalade en falaise (sites naturels d\u2019escalade \u2013 SNE). A travers de multiples partenariats avec les acteurs locaux (Communes, Communaut\u00e9s de Communes, [&hellip;]\" \/>\n<meta property=\"og:url\" content=\"http:\/\/cd06ffme.fr\/WordPress3\/sne\/\" \/>\n<meta property=\"og:site_name\" content=\"F\u00e9d\u00e9ration Fran\u00e7aise Montagne Escalade\" \/>\n<meta property=\"article:publisher\" content=\"https:\/\/www.facebook.com\/CT06FFME\" \/>\n<meta property=\"article:modified_time\" content=\"2023-10-20T14:52:35+00:00\" \/>\n<meta name=\"twitter:card\" content=\"summary_large_image\" \/>\n<meta name=\"twitter:label1\" content=\"Dur\u00e9e de lecture estim\u00e9e\" \/>\n\t<meta name=\"twitter:data1\" content=\"2 minutes\" \/>\n<script type=\"application\/ld+json\" class=\"yoast-schema-graph\">{\"@context\":\"https:\/\/schema.org\",\"@graph\":[{\"@type\":\"WebPage\",\"@id\":\"http:\/\/cd06ffme.fr\/WordPress3\/sne\/\",\"url\":\"http:\/\/cd06ffme.fr\/WordPress3\/sne\/\",\"name\":\"Falaise - Sites Naturels d'Escalade | F\u00e9d\u00e9ration Fran\u00e7aise Montagne Escalade\",\"isPartOf\":{\"@id\":\"http:\/\/cd06ffme.fr\/WordPress3\/#website\"},\"datePublished\":\"2020-12-04T15:55:46+00:00\",\"dateModified\":\"2023-10-20T14:52:35+00:00\",\"breadcrumb\":{\"@id\":\"http:\/\/cd06ffme.fr\/WordPress3\/sne\/#breadcrumb\"},\"inLanguage\":\"fr-FR\",\"potentialAction\":[{\"@type\":\"ReadAction\",\"target\":[\"http:\/\/cd06ffme.fr\/WordPress3\/sne\/\"]}]},{\"@type\":\"BreadcrumbList\",\"@id\":\"http:\/\/cd06ffme.fr\/WordPress3\/sne\/#breadcrumb\",\"itemListElement\":[{\"@type\":\"ListItem\",\"position\":1,\"name\":\"Accueil\",\"item\":\"https:\/\/cd06ffme.fr\/WordPress3\/\"},{\"@type\":\"ListItem\",\"position\":2,\"name\":\"Falaise &#8211; Sites Naturels d&rsquo;Escalade\"}]},{\"@type\":\"WebSite\",\"@id\":\"http:\/\/cd06ffme.fr\/WordPress3\/#website\",\"url\":\"http:\/\/cd06ffme.fr\/WordPress3\/\",\"name\":\"F\u00e9d\u00e9ration Fran\u00e7aise Montagne Escalade 06\",\"description\":\"\",\"publisher\":{\"@id\":\"http:\/\/cd06ffme.fr\/WordPress3\/#organization\"},\"potentialAction\":[{\"@type\":\"SearchAction\",\"target\":{\"@type\":\"EntryPoint\",\"urlTemplate\":\"http:\/\/cd06ffme.fr\/WordPress3\/?s={search_term_string}\"},\"query-input\":\"required name=search_term_string\"}],\"inLanguage\":\"fr-FR\"},{\"@type\":\"Organization\",\"@id\":\"http:\/\/cd06ffme.fr\/WordPress3\/#organization\",\"name\":\"Comit\u00e9 Territorial des Alpes Maritimes F\u00e9d\u00e9ration Fran\u00e7aise de Montagne et d'Escalade\",\"url\":\"http:\/\/cd06ffme.fr\/WordPress3\/\",\"logo\":{\"@type\":\"ImageObject\",\"inLanguage\":\"fr-FR\",\"@id\":\"http:\/\/cd06ffme.fr\/WordPress3\/#\/schema\/logo\/image\/\",\"url\":\"https:\/\/i0.wp.com\/cd06ffme.fr\/WordPress3\/wp-content\/uploads\/2020\/12\/cropped-FFME_LOGO_INSTIT_SECONDAIRE_FOND_CLAIR_CMJN-2-1.png?fit=1705%2C547\",\"contentUrl\":\"https:\/\/i0.wp.com\/cd06ffme.fr\/WordPress3\/wp-content\/uploads\/2020\/12\/cropped-FFME_LOGO_INSTIT_SECONDAIRE_FOND_CLAIR_CMJN-2-1.png?fit=1705%2C547\",\"width\":1705,\"height\":547,\"caption\":\"Comit\u00e9 Territorial des Alpes Maritimes F\u00e9d\u00e9ration Fran\u00e7aise de Montagne et d'Escalade\"},\"image\":{\"@id\":\"http:\/\/cd06ffme.fr\/WordPress3\/#\/schema\/logo\/image\/\"},\"sameAs\":[\"https:\/\/www.facebook.com\/CT06FFME\",\"https:\/\/www.instagram.com\/ct06_ffme_montagne_escalade\/\",\"https:\/\/www.youtube.com\/channel\/UCOfq1FRfAZlbV6N7LCCd-lg\"]}]}<\/script>\n<!-- \/ Yoast SEO plugin. -->","yoast_head_json":{"title":"Falaise - Sites Naturels d'Escalade | F\u00e9d\u00e9ration Fran\u00e7aise Montagne Escalade","robots":{"index":"index","follow":"follow","max-snippet":"max-snippet:-1","max-image-preview":"max-image-preview:large","max-video-preview":"max-video-preview:-1"},"canonical":"http:\/\/cd06ffme.fr\/WordPress3\/sne\/","og_locale":"fr_FR","og_type":"article","og_title":"Falaise - Sites Naturels d'Escalade | F\u00e9d\u00e9ration Fran\u00e7aise Montagne Escalade","og_description":"Le Comit\u00e9 territorial Alpes-Maritimes FFME entretient, promeut et d\u00e9veloppe l\u2019escalade en falaise (sites naturels d\u2019escalade \u2013 SNE). A travers de multiples partenariats avec les acteurs locaux (Communes, Communaut\u00e9s de Communes, [&hellip;]","og_url":"http:\/\/cd06ffme.fr\/WordPress3\/sne\/","og_site_name":"F\u00e9d\u00e9ration Fran\u00e7aise Montagne Escalade","article_publisher":"https:\/\/www.facebook.com\/CT06FFME","article_modified_time":"2023-10-20T14:52:35+00:00","twitter_card":"summary_large_image","twitter_misc":{"Dur\u00e9e de lecture estim\u00e9e":"2 minutes"},"schema":{"@context":"https:\/\/schema.org","@graph":[{"@type":"WebPage","@id":"http:\/\/cd06ffme.fr\/WordPress3\/sne\/","url":"http:\/\/cd06ffme.fr\/WordPress3\/sne\/","name":"Falaise - Sites Naturels d'Escalade | F\u00e9d\u00e9ration Fran\u00e7aise Montagne Escalade","isPartOf":{"@id":"http:\/\/cd06ffme.fr\/WordPress3\/#website"},"datePublished":"2020-12-04T15:55:46+00:00","dateModified":"2023-10-20T14:52:35+00:00","breadcrumb":{"@id":"http:\/\/cd06ffme.fr\/WordPress3\/sne\/#breadcrumb"},"inLanguage":"fr-FR","potentialAction":[{"@type":"ReadAction","target":["http:\/\/cd06ffme.fr\/WordPress3\/sne\/"]}]},{"@type":"BreadcrumbList","@id":"http:\/\/cd06ffme.fr\/WordPress3\/sne\/#breadcrumb","itemListElement":[{"@type":"ListItem","position":1,"name":"Accueil","item":"https:\/\/cd06ffme.fr\/WordPress3\/"},{"@type":"ListItem","position":2,"name":"Falaise &#8211; Sites Naturels d&rsquo;Escalade"}]},{"@type":"WebSite","@id":"http:\/\/cd06ffme.fr\/WordPress3\/#website","url":"http:\/\/cd06ffme.fr\/WordPress3\/","name":"F\u00e9d\u00e9ration Fran\u00e7aise Montagne Escalade 06","description":"","publisher":{"@id":"http:\/\/cd06ffme.fr\/WordPress3\/#organization"},"potentialAction":[{"@type":"SearchAction","target":{"@type":"EntryPoint","urlTemplate":"http:\/\/cd06ffme.fr\/WordPress3\/?s={search_term_string}"},"query-input":"required name=search_term_string"}],"inLanguage":"fr-FR"},{"@type":"Organization","@id":"http:\/\/cd06ffme.fr\/WordPress3\/#organization","name":"Comit\u00e9 Territorial des Alpes Maritimes F\u00e9d\u00e9ration Fran\u00e7aise de Montagne et d'Escalade","url":"http:\/\/cd06ffme.fr\/WordPress3\/","logo":{"@type":"ImageObject","inLanguage":"fr-FR","@id":"http:\/\/cd06ffme.fr\/WordPress3\/#\/schema\/logo\/image\/","url":"https:\/\/i0.wp.com\/cd06ffme.fr\/WordPress3\/wp-content\/uploads\/2020\/12\/cropped-FFME_LOGO_INSTIT_SECONDAIRE_FOND_CLAIR_CMJN-2-1.png?fit=1705%2C547","contentUrl":"https:\/\/i0.wp.com\/cd06ffme.fr\/WordPress3\/wp-content\/uploads\/2020\/12\/cropped-FFME_LOGO_INSTIT_SECONDAIRE_FOND_CLAIR_CMJN-2-1.png?fit=1705%2C547","width":1705,"height":547,"caption":"Comit\u00e9 Territorial des Alpes Maritimes F\u00e9d\u00e9ration Fran\u00e7aise de Montagne et d'Escalade"},"image":{"@id":"http:\/\/cd06ffme.fr\/WordPress3\/#\/schema\/logo\/image\/"},"sameAs":["https:\/\/www.facebook.com\/CT06FFME","https:\/\/www.instagram.com\/ct06_ffme_montagne_escalade\/","https:\/\/www.youtube.com\/channel\/UCOfq1FRfAZlbV6N7LCCd-lg"]}]}},"jetpack_sharing_enabled":true,"jetpack_shortlink":"https:\/\/wp.me\/P2LN8m-1eF","_links":{"self":[{"href":"http:\/\/cd06ffme.fr\/WordPress3\/wp-json\/wp\/v2\/pages\/4753"}],"collection":[{"href":"http:\/\/cd06ffme.fr\/WordPress3\/wp-json\/wp\/v2\/pages"}],"about":[{"href":"http:\/\/cd06ffme.fr\/WordPress3\/wp-json\/wp\/v2\/types\/page"}],"author":[{"embeddable":true,"href":"http:\/\/cd06ffme.fr\/WordPress3\/wp-json\/wp\/v2\/users\/2991"}],"replies":[{"embeddable":true,"href":"http:\/\/cd06ffme.fr\/WordPress3\/wp-json\/wp\/v2\/comments?post=4753"}],"version-history":[{"count":13,"href":"http:\/\/cd06ffme.fr\/WordPress3\/wp-json\/wp\/v2\/pages\/4753\/revisions"}],"predecessor-version":[{"id":6717,"href":"http:\/\/cd06ffme.fr\/WordPress3\/wp-json\/wp\/v2\/pages\/4753\/revisions\/6717"}],"wp:attachment":[{"href":"http:\/\/cd06ffme.fr\/WordPress3\/wp-json\/wp\/v2\/media?parent=4753"}],"curies":[{"name":"wp","href":"https:\/\/api.w.org\/{rel}","templated":true}]}}